{"id":3503,"date":"2019-08-16T15:21:51","date_gmt":"2019-08-16T15:21:51","guid":{"rendered":"https:\/\/5.189.176.82\/~colorclinic\/?page_id=3503"},"modified":"2024-08-19T09:34:24","modified_gmt":"2024-08-19T09:34:24","slug":"beratung","status":"publish","type":"page","link":"https:\/\/color-clinic.com\/en\/beratung\/","title":{"rendered":"Beratungstermine"},"content":{"rendered":"<p>[et_pb_section fb_built=&#8220;1&#8243; disabled_on=&#8220;off|off|off&#8220; _builder_version=&#8220;4.18.0&#8243; background_color=&#8220;#111111&#8243; background_image=&#8220;https:\/\/color-clinic.com\/wp-content\/uploads\/2019\/07\/Clean_BLACK.png&#8220; parallax=&#8220;on&#8220; parallax_method=&#8220;off&#8220; module_alignment=&#8220;center&#8220; global_colors_info=&#8220;{}&#8220;][et_pb_row disabled_on=&#8220;on|off|off&#8220; _builder_version=&#8220;4.16&#8243; background_color=&#8220;#111111&#8243; width=&#8220;100%&#8220; max_width=&#8220;100%&#8220; use_custom_width=&#8220;on&#8220; width_unit=&#8220;off&#8220; custom_width_percent=&#8220;100%&#8220; global_colors_info=&#8220;{}&#8220;][et_pb_column type=&#8220;4_4&#8243; _builder_version=&#8220;4.16&#8243; custom_padding=&#8220;|||&#8220; global_colors_info=&#8220;{}&#8220; custom_padding__hover=&#8220;|||&#8220;][et_pb_divider show_divider=&#8220;off&#8220; _builder_version=&#8220;4.16&#8243; height=&#8220;20px&#8220; custom_margin=&#8220;30px|||&#8220; custom_margin_tablet=&#8220;20px|||&#8220; custom_margin_phone=&#8220;0px|||&#8220; custom_margin_last_edited=&#8220;on|phone&#8220; global_colors_info=&#8220;{}&#8220;][\/et_pb_divider][\/et_pb_column][\/et_pb_row][et_pb_row _builder_version=&#8220;4.16&#8243; background_color=&#8220;#111111&#8243; width=&#8220;100%&#8220; max_width=&#8220;100%&#8220; custom_margin_tablet=&#8220;&#8220; custom_margin_phone=&#8220;&#8220; custom_margin_last_edited=&#8220;on|desktop&#8220; use_custom_width=&#8220;on&#8220; width_unit=&#8220;off&#8220; custom_width_percent=&#8220;100%&#8220; global_colors_info=&#8220;{}&#8220;][et_pb_column type=&#8220;4_4&#8243; _builder_version=&#8220;4.16&#8243; custom_padding=&#8220;|||&#8220; global_colors_info=&#8220;{}&#8220; custom_padding__hover=&#8220;|||&#8220;][et_pb_text _builder_version=&#8220;4.16&#8243; _module_preset=&#8220;default&#8220; custom_margin_tablet=&#8220;&#8220; custom_margin_phone=&#8220;&#8220; custom_margin_last_edited=&#8220;on|desktop&#8220; custom_padding=&#8220;||||false|false&#8220; custom_padding_tablet=&#8220;||||false|false&#8220; custom_padding_phone=&#8220;15%||||false|false&#8220; custom_padding_last_edited=&#8220;on|phone&#8220; global_colors_info=&#8220;{}&#8220;]<\/p>\n<h1 style=\"text-align: center; color: #ffffff;\">Online Beratung<\/h1>\n<p>[\/et_pb_text][\/et_pb_column][\/et_pb_row][et_pb_row column_structure=&#8220;1_2,1_2&#8243; use_custom_gutter=&#8220;on&#8220; gutter_width=&#8220;2&#8243; _builder_version=&#8220;4.16&#8243; _module_preset=&#8220;default&#8220; background_enable_color=&#8220;off&#8220; min_height=&#8220;723.9px&#8220; custom_padding=&#8220;||118px|||&#8220; global_colors_info=&#8220;{}&#8220;][et_pb_column type=&#8220;1_2&#8243; _builder_version=&#8220;4.16&#8243; _module_preset=&#8220;default&#8220; global_colors_info=&#8220;{}&#8220;][et_pb_text _builder_version=&#8220;4.16&#8243; _module_preset=&#8220;default&#8220; text_font=&#8220;Montserrat|600||on|||||&#8220; text_text_color=&#8220;#e0ac00&#8243; text_font_size=&#8220;39px&#8220; custom_padding=&#8220;15.6%||||false|false&#8220; custom_padding_tablet=&#8220;5%||||false|false&#8220; custom_padding_phone=&#8220;5%||||false|false&#8220; custom_padding_last_edited=&#8220;on|desktop&#8220; text_font_size_tablet=&#8220;36px&#8220; text_font_size_phone=&#8220;24px&#8220; text_font_size_last_edited=&#8220;on|phone&#8220; global_colors_info=&#8220;{}&#8220; text_line_height__hover_enabled=&#8220;off|desktop&#8220;]<\/p>\n<p style=\"text-align: left;\"><strong>Bequem von zu Hause <\/p>\n<p>deinen Termin buchen <\/strong><\/p>\n<p>[\/et_pb_text][et_pb_text _builder_version=&#8220;4.16&#8243; _module_preset=&#8220;default&#8220; text_font=&#8220;Montserrat||||||||&#8220; text_text_color=&#8220;#bfbfbf&#8220; custom_padding=&#8220;5%||||false|false&#8220; custom_padding_tablet=&#8220;5%||||false|false&#8220; custom_padding_phone=&#8220;2%||||false|false&#8220; custom_padding_last_edited=&#8220;on|phone&#8220; global_colors_info=&#8220;{}&#8220;]<\/p>\n<p>Buche dir deinen Beratungstermin zu jeder Tageszeit entspannt online.<\/p>\n<p>Wir m\u00f6chten dich und deinen Wunsch pers\u00f6nlich kennenlernen und gemeinsam in aller Ruhe alle Details besprechen.<\/p>\n<p><strong><span style=\"color: #e0ac00;\">Es ist dein Tattoo.<\/span><\/strong> Uns ist es wichtig deine W\u00fcnsche und Ideen in dein perfektes Tattoo einflie\u00dfen zu lassen.<\/p>\n<p>Daher nehmen wir uns bei deiner pers\u00f6nlichen Beratung alle Zeit die es braucht um ein perfektes Ergebnis zu erzielen.<\/p>\n<p>[\/et_pb_text][et_pb_button button_url=&#8220;https:\/\/cp.kisscalservice.de\/booking?studioDB=ks_colorclinic&#038;configId=3&#8243; url_new_window=&#8220;on&#8220; button_text=&#8220;Beratungstermin sichern&#8220; button_alignment=&#8220;left&#8220; _builder_version=&#8220;4.25.1&#8243; _module_preset=&#8220;default&#8220; custom_button=&#8220;on&#8220; button_bg_color=&#8220;#e0ac00&#8243; button_border_width=&#8220;2px&#8220; button_border_color=&#8220;#FFFFFF&#8220; button_border_radius=&#8220;57px&#8220; button_letter_spacing=&#8220;0px&#8220; button_use_icon=&#8220;off&#8220; custom_margin=&#8220;69px||||false|false&#8220; custom_padding=&#8220;5px|15px|5px|15px|false|false&#8220; animation_style=&#8220;fade&#8220; animation_duration=&#8220;1650ms&#8220; animation_delay=&#8220;450ms&#8220; button_bg_color_tablet=&#8220;#e0ac00&#8243; button_bg_color_phone=&#8220;#e0ac00&#8243; button_bg_color_last_edited=&#8220;on|desktop&#8220; box_shadow_style=&#8220;preset1&#8243; global_colors_info=&#8220;{}&#8220; button_bg_color__hover_enabled=&#8220;on|hover&#8220; button_bg_color__hover=&#8220;#e0ac00&#8243; button_bg_enable_color__hover=&#8220;on&#8220;][\/et_pb_button][\/et_pb_column][et_pb_column type=&#8220;1_2&#8243; _builder_version=&#8220;4.16&#8243; _module_preset=&#8220;default&#8220; global_colors_info=&#8220;{}&#8220;][et_pb_gallery gallery_ids=&#8220;16634,16632,16629,16633&#8243; orientation=&#8220;portrait&#8220; show_title_and_caption=&#8220;off&#8220; zoom_icon_color=&#8220;#e0ac00&#8243; hover_overlay_color=&#8220;rgba(0,0,0,0.42)&#8220; disabled_on=&#8220;on|off|off&#8220; _builder_version=&#8220;4.27.0&#8243; _module_preset=&#8220;default&#8220; width=&#8220;80%&#8220; module_alignment=&#8220;center&#8220; custom_margin=&#8220;18px|||||&#8220; hover_enabled=&#8220;0&#8243; global_colors_info=&#8220;{}&#8220; sticky_enabled=&#8220;0&#8243;][\/et_pb_gallery][\/et_pb_column][\/et_pb_row][\/et_pb_section]<\/p>\n","protected":false},"excerpt":{"rendered":"<p>Online BeratungBequem von zu Hause deinen Termin buchen Buche dir deinen Beratungstermin zu jeder Tageszeit entspannt online. Wir m\u00f6chten dich und deinen Wunsch pers\u00f6nlich kennenlernen und gemeinsam in aller Ruhe alle Details besprechen. Es ist dein Tattoo. Uns ist es wichtig deine W\u00fcnsche und Ideen in dein perfektes Tattoo einflie\u00dfen zu lassen. Daher nehmen wir [&hellip;]<\/p>\n","protected":false},"author":5,"featured_media":0,"parent":0,"menu_order":0,"comment_status":"closed","ping_status":"closed","template":"","meta":{"_et_pb_use_builder":"on","_et_pb_old_content":"","_et_gb_content_width":"","iawp_total_views":1039,"footnotes":""},"class_list":["post-3503","page","type-page","status-publish","hentry"],"_links":{"self":[{"href":"https:\/\/color-clinic.com\/en\/wp-json\/wp\/v2\/pages\/3503","targetHints":{"allow":["GET"]}}],"collection":[{"href":"https:\/\/color-clinic.com\/en\/wp-json\/wp\/v2\/pages"}],"about":[{"href":"https:\/\/color-clinic.com\/en\/wp-json\/wp\/v2\/types\/page"}],"author":[{"embeddable":true,"href":"https:\/\/color-clinic.com\/en\/wp-json\/wp\/v2\/users\/5"}],"replies":[{"embeddable":true,"href":"https:\/\/color-clinic.com\/en\/wp-json\/wp\/v2\/comments?post=3503"}],"version-history":[{"count":6,"href":"https:\/\/color-clinic.com\/en\/wp-json\/wp\/v2\/pages\/3503\/revisions"}],"predecessor-version":[{"id":28685,"href":"https:\/\/color-clinic.com\/en\/wp-json\/wp\/v2\/pages\/3503\/revisions\/28685"}],"wp:attachment":[{"href":"https:\/\/color-clinic.com\/en\/wp-json\/wp\/v2\/media?parent=3503"}],"curies":[{"name":"wp","href":"https:\/\/api.w.org\/{rel}","templated":true}]}}