{"id":473,"date":"2018-12-15T15:27:33","date_gmt":"2018-12-15T15:27:33","guid":{"rendered":"https:\/\/5.189.176.82\/~colorclinic\/?page_id=473"},"modified":"2021-02-26T09:38:45","modified_gmt":"2021-02-26T09:38:45","slug":"tattoo-ausbildung-leipzig","status":"publish","type":"page","link":"https:\/\/color-clinic.com\/en\/tattoo-ausbildung-leipzig\/","title":{"rendered":"Ausbildung"},"content":{"rendered":"<p>[et_pb_section fb_built=&#8220;1&#8243; _builder_version=&#8220;3.22&#8243; background_color=&#8220;#000000&#8243; background_image=&#8220;https:\/\/color-clinic.com\/wp-content\/uploads\/2018\/12\/background_team_small_3.jpg&#8220; parallax=&#8220;on&#8220; parallax_method=&#8220;off&#8220; custom_margin=&#8220;0px|||&#8220; custom_margin_tablet=&#8220;&#8220; custom_margin_phone=&#8220;-45px|||&#8220; custom_margin_last_edited=&#8220;on|phone&#8220;][et_pb_row _builder_version=&#8220;3.25&#8243; background_color=&#8220;#111111&#8243; width=&#8220;100%&#8220; max_width=&#8220;100%&#8220; use_custom_width=&#8220;on&#8220; width_unit=&#8220;off&#8220; custom_width_percent=&#8220;100%&#8220;][et_pb_column type=&#8220;4_4&#8243; _builder_version=&#8220;3.25&#8243; custom_padding=&#8220;|||&#8220; custom_padding__hover=&#8220;|||&#8220;][et_pb_divider show_divider=&#8220;off&#8220; _builder_version=&#8220;3.17.1&#8243; height=&#8220;30px&#8220; custom_margin=&#8220;30px|||&#8220; custom_margin_tablet=&#8220;20px|||&#8220; custom_margin_phone=&#8220;0px|||&#8220; custom_margin_last_edited=&#8220;on|phone&#8220;][\/et_pb_divider][\/et_pb_column][\/et_pb_row][et_pb_row _builder_version=&#8220;3.25&#8243; background_color=&#8220;#111111&#8243; width=&#8220;100%&#8220; max_width=&#8220;100%&#8220; custom_margin_tablet=&#8220;&#8220; custom_margin_phone=&#8220;&#8220; custom_margin_last_edited=&#8220;on|desktop&#8220; use_custom_width=&#8220;on&#8220; width_unit=&#8220;off&#8220; custom_width_percent=&#8220;100%&#8220;][et_pb_column type=&#8220;4_4&#8243; _builder_version=&#8220;3.25&#8243; custom_padding=&#8220;|||&#8220; custom_padding__hover=&#8220;|||&#8220;][et_pb_text admin_label=&#8220;PAGE TITLE&#8220; _builder_version=&#8220;4.8.2&#8243; text_font=&#8220;Railways to Hells||||||||&#8220; text_text_color=&#8220;#ffffff&#8220; text_font_size=&#8220;22px&#8220; header_font=&#8220;Railways to Hells||||||||&#8220; header_text_align=&#8220;center&#8220; header_text_color=&#8220;#e7b94e&#8220; header_font_size=&#8220;1.7vw&#8220; text_orientation=&#8220;center&#8220; background_layout=&#8220;dark&#8220; custom_margin_tablet=&#8220;&#8220; custom_margin_phone=&#8220;&#8220; custom_margin_last_edited=&#8220;on|phone&#8220;]<\/p>\n<h1>Color Clinic<\/h1>\n<h3>Ausbildung in der Clinic<\/h3>\n<p>[\/et_pb_text][\/et_pb_column][\/et_pb_row][et_pb_row _builder_version=&#8220;3.25&#8243; module_alignment=&#8220;center&#8220; custom_margin=&#8220;30px|||&#8220; custom_margin_tablet=&#8220;&#8220; custom_margin_phone=&#8220;0px|||&#8220; custom_margin_last_edited=&#8220;on|desktop&#8220;][et_pb_column type=&#8220;4_4&#8243; _builder_version=&#8220;3.25&#8243; custom_padding=&#8220;|||&#8220; custom_padding__hover=&#8220;|||&#8220;][et_pb_image src=&#8220;https:\/\/color-clinic.com\/wp-content\/uploads\/2019\/02\/SVEN_jobs_ruf_mich_an-copy_new.png&#8220; title_text=&#8220;SVEN_jobs_ruf_mich_an copy_new&#8220; _builder_version=&#8220;4.4.9&#8243;][\/et_pb_image][\/et_pb_column][\/et_pb_row][et_pb_row column_structure=&#8220;1_3,2_3&#8243; _builder_version=&#8220;4.9.0&#8243; hover_enabled=&#8220;0&#8243; sticky_enabled=&#8220;0&#8243;][et_pb_column type=&#8220;1_3&#8243; _builder_version=&#8220;3.26.3&#8243;][et_pb_text _builder_version=&#8220;4.9.0&#8243; text_font=&#8220;Open Sans||||||||&#8220; hover_enabled=&#8220;0&#8243; header_5_text_color=&#8220;#e7b94e&#8220; header_5_font_size=&#8220;20px&#8220; sticky_enabled=&#8220;0&#8243; header_2_text_color=&#8220;#e7b94e&#8220; header_2_font_size=&#8220;20px&#8220; header_2_line_height=&#8220;0.9em&#8220;]<\/p>\n<h2>Tattoo Ausbildug<\/h2>\n<h2>Color Clinic, Leipzig<\/h2>\n<p><span lang=\"DE\">Dein Traum ist es T\u00e4towierer zu werden und deine gezeichnete Kunst auf der Haut zu verewigen?<\/span><\/p>\n<p>In der <strong>Color Clinic<\/strong> bekommst du die M\u00f6glichkeit. Doch sei gewarnt. Wir schleifen einen Rohdiamanten zu einem perfekten Stein. Man sagt nicht umsonst <strong><span style=\"color: #e7b94e;\">\u201eAlle wollen T\u00e4towierer sein, aber niemand will es werden!\u201c<\/span><\/strong><\/p>\n<p><span lang=\"DE\">Du hast nicht den Flei\u00df, den Ehrgeiz, das Durchhalteverm\u00f6gen, den unbedingten Willen T\u00e4towierer zu werden und bist nicht bereit die besagte \u201eextra Meile\u201c zu laufen? Dann brauchst du an dieser Stelle nicht weiterlesen. Solltest du das alles wollen und bist bereit in der Woche 50-60 Stunden zu arbeiten, um deine Selbstst\u00e4ndigkeit und deine F\u00e4higkeiten bei uns voranzutreiben, dann schau dir gerne an was wir suchen und was wir bieten.<\/span><\/p>\n<p>[\/et_pb_text][\/et_pb_column][et_pb_column type=&#8220;2_3&#8243; _builder_version=&#8220;3.26.3&#8243;][et_pb_text _builder_version=&#8220;4.8.2&#8243;]<\/p>\n<p><strong><span lang=\"DE\" style=\"color: #e7b94e;\">Was du mitbringen solltest<\/span><\/strong><\/p>\n<p><span lang=\"DE\">&#8211; Verst\u00e4ndnis f\u00fcr Licht, Schatten und Formen<br \/> <\/span>&#8211; Eine ordentlich gef\u00fchrte Zeichenmappe oder ein Tablet<br \/> &#8211; Deutsche Sprache in Wort und Schrift beherrschen<br \/> &#8211; Englisch ist von Vorteil, da uns Kunden aus dem Ausland besuchen<br \/> &#8211; Kundenorientiertes Arbeiten<br \/> &#8211; Eine abgeschlossene Berufsausbildung (Branche ist egal)<br \/> &#8211; P\u00fcnktlichkeit, Loyalit\u00e4t und Ehrlichkeit werden vorausgesetzt<\/p>\n<p><strong><span lang=\"DE\" style=\"color: #e7b94e;\">Was wir dir bieten<\/span><\/strong><\/p>\n<p><span lang=\"DE\">&#8211; Eine Fachlich kompetente Ausbildung (nicht Anerkannt)<br \/> <\/span>&#8211; Arbeiten auf h\u00f6chstem Niveau sowohl Material als auch Anspruch<br \/> &#8211; Weiterbildungen im Bereich Hygiene<br \/> &#8211; Eine sichere Zukunft in unserem Studio<br \/> &#8211; Zugriff auf eine bestehende Kundendatenbank<\/p>\n<p><span lang=\"DE\">Solltest du also den Schneid besitzen und willst deinen Traum leben, <br \/>dann bewirb dich bei uns oder komm einfach mit deinen Unterlagen in die Clinic<\/span><\/p>\n<p>[\/et_pb_text][\/et_pb_column][\/et_pb_row][et_pb_row _builder_version=&#8220;3.25&#8243; background_size=&#8220;initial&#8220; background_position=&#8220;top_left&#8220; background_repeat=&#8220;repeat&#8220;][et_pb_column type=&#8220;4_4&#8243; _builder_version=&#8220;3.25&#8243; custom_padding=&#8220;|||&#8220; custom_padding__hover=&#8220;|||&#8220;][et_pb_text module_id=&#8220;diviForm&#8220; _builder_version=&#8220;4.8.2&#8243; header_text_color=&#8220;#e7b94e&#8220;]\n<div class=\"wpcf7 no-js\" id=\"wpcf7-f1236-o1\" lang=\"en-US\" dir=\"ltr\" data-wpcf7-id=\"1236\">\n<div class=\"screen-reader-response\"><p role=\"status\" aria-live=\"polite\" aria-atomic=\"true\"><\/p> <ul><\/ul><\/div>\n<form action=\"\/en\/wp-json\/wp\/v2\/pages\/473#wpcf7-f1236-o1\" method=\"post\" class=\"wpcf7-form init\" aria-label=\"Contact form\" enctype=\"multipart\/form-data\" novalidate=\"novalidate\" data-status=\"init\">\n<fieldset class=\"hidden-fields-container\"><input type=\"hidden\" name=\"_wpcf7\" value=\"1236\" \/><input type=\"hidden\" name=\"_wpcf7_version\" value=\"6.1.5\" \/><input type=\"hidden\" name=\"_wpcf7_locale\" value=\"en_US\" \/><input type=\"hidden\" name=\"_wpcf7_unit_tag\" value=\"wpcf7-f1236-o1\" \/><input type=\"hidden\" name=\"_wpcf7_container_post\" value=\"0\" \/><input type=\"hidden\" name=\"_wpcf7_posted_data_hash\" value=\"\" \/>\n<\/fieldset>\n<div class=\"one-full\">\n\t<h1 class=\"et_pb_contact_main_title\" style=\"color:#c5484b\">Ausbildungs Anfrage\n\t<\/h1>\n<\/div>\n<div class=\"dom-form\">\n\t<div class=\"one-half\">\n\t\t<p><span class=\"wpcf7-form-control-wrap\" data-name=\"your-name\"><input size=\"40\" maxlength=\"400\" class=\"wpcf7-form-control wpcf7-text wpcf7-validates-as-required\" aria-required=\"true\" aria-invalid=\"false\" placeholder=\"Name\" value=\"\" type=\"text\" name=\"your-name\" \/><\/span>\n\t\t<\/p>\n\t\t<p><span class=\"wpcf7-form-control-wrap\" data-name=\"your-email\"><input size=\"40\" maxlength=\"400\" class=\"wpcf7-form-control wpcf7-email wpcf7-validates-as-required wpcf7-text wpcf7-validates-as-email\" aria-required=\"true\" aria-invalid=\"false\" placeholder=\"Email\" value=\"\" type=\"email\" name=\"your-email\" \/><\/span>\n\t\t<\/p>\n\t<\/div>\n\t<div class=\"one-half\">\n\t\t<p><span class=\"wpcf7-form-control-wrap\" data-name=\"your-last-name\"><input size=\"40\" maxlength=\"400\" class=\"wpcf7-form-control wpcf7-text\" aria-invalid=\"false\" placeholder=\"Nachname\" value=\"\" type=\"text\" name=\"your-last-name\" \/><\/span>\n\t\t<\/p>\n\t\t<p><span class=\"wpcf7-form-control-wrap\" data-name=\"tel-404\"><input size=\"40\" maxlength=\"400\" class=\"wpcf7-form-control wpcf7-tel wpcf7-text wpcf7-validates-as-tel\" aria-invalid=\"false\" placeholder=\"Telefonnummer\" value=\"\" type=\"tel\" name=\"tel-404\" \/><\/span>\n\t\t<\/p>\n\t<\/div>\n\t<div class=\"one-full\">\n\t\t<p><span class=\"wpcf7-form-control-wrap\" data-name=\"your-message\"><textarea cols=\"40\" rows=\"10\" maxlength=\"2000\" class=\"wpcf7-form-control wpcf7-textarea\" aria-invalid=\"false\" placeholder=\"Nachricht\" name=\"your-message\"><\/textarea><\/span>\n\t\t<\/p>\n\t<\/div>\n<\/div>\n<div class=\"one-half\">\n\t<p><span class=\"wpcf7-form-control-wrap\" data-name=\"file-441\"><input size=\"40\" class=\"wpcf7-form-control wpcf7-file\" id=\"dom-cv-upload\" accept=\".jpg,.jpeg,.png,.gif,.pdf,.doc,.docx,.ppt,.pptx,.odt,.avi,.ogg,.m4a,.mov,.mp3,.mp4,.mpg,.wav,.wmw,.zip\" aria-invalid=\"false\" type=\"file\" name=\"file-441\" \/><\/span><br \/>\n<button class=\"dom-cv-upload\">Lebenslauf\/Portfolio hochladen<\/button>\n\t<\/p>\n<\/div>\n<div class=\"one-half\" style=\"margin-top:20px\">\n\t<p><input class=\"wpcf7-form-control wpcf7-submit has-spinner\" type=\"submit\" value=\"Senden\" \/>\n\t<\/p>\n<\/div><input type='hidden' class='wpcf7-pum' value='{\"closepopup\":false,\"closedelay\":0,\"openpopup\":false,\"openpopup_id\":0}' \/><div class=\"wpcf7-response-output\" aria-hidden=\"true\"><\/div>\n<\/form>\n<\/div>\n<br \/>\n[\/et_pb_text][\/et_pb_column][\/et_pb_row][\/et_pb_section]<\/p>\n","protected":false},"excerpt":{"rendered":"<p>Color Clinic Ausbildung in der ClinicTattoo Ausbildug Color Clinic, Leipzig Dein Traum ist es T\u00e4towierer zu werden und deine gezeichnete Kunst auf der Haut zu verewigen? In der Color Clinic bekommst du die M\u00f6glichkeit. Doch sei gewarnt. Wir schleifen einen Rohdiamanten zu einem perfekten Stein. Man sagt nicht umsonst \u201eAlle wollen T\u00e4towierer sein, aber niemand [&hellip;]<\/p>\n","protected":false},"author":5,"featured_media":0,"parent":0,"menu_order":0,"comment_status":"closed","ping_status":"closed","template":"","meta":{"_et_pb_use_builder":"on","_et_pb_old_content":"","_et_gb_content_width":"","iawp_total_views":1760,"footnotes":""},"class_list":["post-473","page","type-page","status-publish","hentry"],"_links":{"self":[{"href":"https:\/\/color-clinic.com\/en\/wp-json\/wp\/v2\/pages\/473","targetHints":{"allow":["GET"]}}],"collection":[{"href":"https:\/\/color-clinic.com\/en\/wp-json\/wp\/v2\/pages"}],"about":[{"href":"https:\/\/color-clinic.com\/en\/wp-json\/wp\/v2\/types\/page"}],"author":[{"embeddable":true,"href":"https:\/\/color-clinic.com\/en\/wp-json\/wp\/v2\/users\/5"}],"replies":[{"embeddable":true,"href":"https:\/\/color-clinic.com\/en\/wp-json\/wp\/v2\/comments?post=473"}],"version-history":[{"count":0,"href":"https:\/\/color-clinic.com\/en\/wp-json\/wp\/v2\/pages\/473\/revisions"}],"wp:attachment":[{"href":"https:\/\/color-clinic.com\/en\/wp-json\/wp\/v2\/media?parent=473"}],"curies":[{"name":"wp","href":"https:\/\/api.w.org\/{rel}","templated":true}]}}