{"id":4855,"date":"2020-05-05T12:58:23","date_gmt":"2020-05-05T12:58:23","guid":{"rendered":"https:\/\/color-clinic.com\/?page_id=4855"},"modified":"2022-10-25T09:18:19","modified_gmt":"2022-10-25T09:18:19","slug":"anna","status":"publish","type":"page","link":"https:\/\/color-clinic.com\/en\/anna\/","title":{"rendered":"Anna"},"content":{"rendered":"<p>[et_pb_section fb_built=&#8220;1&#8243; fullwidth=&#8220;on&#8220; disabled_on=&#8220;on||&#8220; _builder_version=&#8220;4.16&#8243; global_colors_info=&#8220;{}&#8220;][et_pb_fullwidth_header title=&#8220;Color Clinc&#8220; subhead=&#8220;Tattoo K\u00fcnstler&#8220; text_orientation=&#8220;center&#8220; _builder_version=&#8220;4.16&#8243; title_text_color=&#8220;#e7b94e&#8220; title_font_size=&#8220;1.7vw&#8220; subhead_font_size=&#8220;25px&#8220; background_color=&#8220;#111111&#8243; background_size=&#8220;initial&#8220; background_position=&#8220;top_left&#8220; background_repeat=&#8220;repeat&#8220; global_colors_info=&#8220;{}&#8220;][\/et_pb_fullwidth_header][\/et_pb_section][et_pb_section fb_built=&#8220;1&#8243; _builder_version=&#8220;4.16&#8243; background_color=&#8220;#000000&#8243; background_image=&#8220;\/\/color-clinic.com\/wp-content\/uploads\/2018\/12\/background_team_small_3.jpg&#8220; custom_margin_tablet=&#8220;&#8220; custom_margin_phone=&#8220;0px||||false|false&#8220; custom_margin_last_edited=&#8220;on|phone&#8220; custom_padding=&#8220;25px||0px||false|false&#8220; global_colors_info=&#8220;{}&#8220;][et_pb_row disabled_on=&#8220;off||&#8220; _builder_version=&#8220;4.16&#8243; global_colors_info=&#8220;{}&#8220;][et_pb_column type=&#8220;4_4&#8243; _builder_version=&#8220;4.16&#8243; custom_padding=&#8220;|||&#8220; global_colors_info=&#8220;{}&#8220; custom_padding__hover=&#8220;|||&#8220;][et_pb_text _builder_version=&#8220;4.16&#8243; global_colors_info=&#8220;{}&#8220;]<\/p>\n<h2>ANNA\/HAMSTER<\/h2>\n<p>Trash \/ Blackwork \/ Narben Cover Up<\/p>\n<p>[\/et_pb_text][et_pb_social_media_follow _builder_version=&#8220;4.16&#8243; global_colors_info=&#8220;{}&#8220;][et_pb_social_media_follow_network social_network=&#8220;facebook&#8220; url=&#8220;https:\/\/www.facebook.com\/pg\/colorclinictattoo\/photos\/?tab=album&#038;album_id=2179299865728272&#8243; _builder_version=&#8220;4.16&#8243; background_color=&#8220;#333333&#8243; global_colors_info=&#8220;{}&#8220; follow_button=&#8220;off&#8220; url_new_window=&#8220;on&#8220;]Facebook[\/et_pb_social_media_follow_network][\/et_pb_social_media_follow][\/et_pb_column][\/et_pb_row][et_pb_row column_structure=&#8220;1_3,2_3&#8243; _builder_version=&#8220;4.16&#8243; custom_margin=&#8220;-30px|||&#8220; custom_margin_tablet=&#8220;&#8220; custom_margin_phone=&#8220;&#8220; custom_margin_last_edited=&#8220;on|desktop&#8220; global_colors_info=&#8220;{}&#8220;][et_pb_column type=&#8220;1_3&#8243; _builder_version=&#8220;4.16&#8243; custom_padding=&#8220;|||&#8220; global_colors_info=&#8220;{}&#8220; custom_padding__hover=&#8220;|||&#8220;][et_pb_image src=&#8220;https:\/\/color-clinic.com\/wp-content\/uploads\/2019\/07\/01_ANNA_FINAL.png&#8220; title_text=&#8220;01_ANNA_FINAL&#8220; _builder_version=&#8220;4.16&#8243; custom_padding=&#8220;0px|||||&#8220; global_colors_info=&#8220;{}&#8220;][\/et_pb_image][et_pb_code module_class=&#8220;artist-page&#8220; _builder_version=&#8220;4.18.0&#8243; hover_enabled=&#8220;0&#8243; global_colors_info=&#8220;{}&#8220; sticky_enabled=&#8220;0&#8243;]<a class=\"dom-modal-button modal-2\" href=\"https:\/\/kko.kisscalservice.de\/?dbstudio=ks_colorclinic\" target=\"_blank\" rel=\"noopener\">Termin vereinbaren<\/a>[\/et_pb_code][\/et_pb_column][et_pb_column type=&#8220;2_3&#8243; _builder_version=&#8220;4.16&#8243; custom_padding=&#8220;|||&#8220; global_colors_info=&#8220;{}&#8220; custom_padding__hover=&#8220;|||&#8220;][et_pb_text _builder_version=&#8220;4.16&#8243; text_font=&#8220;Open Sans||||||||&#8220; custom_margin=&#8220;17px|||||&#8220; global_colors_info=&#8220;{}&#8220;]Ich bin Anna, bin 20 Jahre alt und wohne in Leipzig. Woher kommt der Name &#8222;Hamster&#8220;? Wenn ich grinse, habe ich richtige <a href=\"https:\/\/www.instagram.com\/p\/B7JGLeCAjBG\/\" target=\"_blank\" rel=\"noopener\"><strong>Hamsterbacken<\/strong><\/a>. Somit hat sich mein Spitzname als T\u00e4towierer eingeb\u00fcrgert.<\/p>\n<p>Geb\u00fcrtig komme ich aus dem sch\u00f6nen S\u00fcd-Th\u00fcringen, doch meine Liebe zur Stadt f\u00fchrte mich nach Leipzig. Hier wohne ich nun seit Mitte 2016.<\/p>\n<p>Ich wollte schon seit ich 8 bin und das erste Mal mit meinem Papa auf einer Convention war, das T\u00e4towier-Handwerk aus\u00fcben. Allerdings fehlte mir der richtige Anhaltspunkt, die Unterst\u00fctzung und vor allem das Wissen.<\/p>\n<p>Seit Ende 2016 z\u00e4hle ich mich zum <strong><a href=\"https:\/\/www.facebook.com\/colorclinictattoo\/\" target=\"_blank\" rel=\"noopener\">Team der Color Clinic<\/a><\/strong>. Anfangs nur &#8222;Freundin&#8220; und mittlerweile Team-Mitglied, Freundin und Familien-Mitglied.<\/p>\n<p>Meine Ausbildung ist hart und oft bringt es mich echt zum verzweifeln&#8230; doch nur wer k\u00e4mpft kommt ans Ziel. Denn Stillstand bedeutet R\u00fcckschritt. Der Ton ist rau, doch nur durch Schmerzen lernt man aus Fehlern und wird besser.<\/p>\n<p><span style=\"color: #e7b94e;\"><strong>Tattoostil:<\/strong><\/span>\u00a0<span lang=\"DE\">Trash \/ Blackwork \/ Narben<span> <\/span>Cover<span> <\/span>Up<\/span><\/p>\n<div><\/div>\n<p>[\/et_pb_text][\/et_pb_column][\/et_pb_row][et_pb_row _builder_version=&#8220;4.16&#8243; background_size=&#8220;initial&#8220; background_position=&#8220;top_left&#8220; background_repeat=&#8220;repeat&#8220; custom_margin_tablet=&#8220;&#8220; custom_margin_phone=&#8220;||0px||false|false&#8220; custom_margin_last_edited=&#8220;on|phone&#8220; custom_padding=&#8220;||0px||false|false&#8220; global_colors_info=&#8220;{}&#8220;][et_pb_column type=&#8220;4_4&#8243; _builder_version=&#8220;4.16&#8243; custom_padding=&#8220;|||&#8220; global_colors_info=&#8220;{}&#8220; custom_padding__hover=&#8220;|||&#8220;][et_pb_text _builder_version=&#8220;4.16&#8243; text_text_color=&#8220;#e7b94e&#8220; text_font_size=&#8220;20px&#8220; text_line_height=&#8220;1.8em&#8220; text_orientation=&#8220;center&#8220; width=&#8220;63%&#8220; module_alignment=&#8220;center&#8220; custom_padding=&#8220;||2vw||false|false&#8220; text_line_height_tablet=&#8220;&#8220; text_line_height_phone=&#8220;1.7em&#8220; text_line_height_last_edited=&#8220;on|phone&#8220; global_colors_info=&#8220;{}&#8220;]<\/p>\n<p><strong>Ich liebe die Arbeit in unserer kleinen chaotischen Familie und bekomme hier die Unterst\u00fctzung die ich brauche um mich jeden Tag ein bisschen zu steigern.<\/strong><\/p>\n<p>[\/et_pb_text][et_pb_code _builder_version=&#8220;4.16&#8243; _module_preset=&#8220;default&#8220; custom_margin_tablet=&#8220;&#8220; custom_margin_phone=&#8220;||-480px||false|false&#8220; custom_margin_last_edited=&#8220;on|phone&#8220; custom_padding=&#8220;||0px||false|false&#8220; global_colors_info=&#8220;{}&#8220;]<iframe loading=\"lazy\" src=\"https:\/\/www.facebook.com\/plugins\/video.php?href=https%3A%2F%2Fwww.facebook.com%2Fcolorclinictattoo%2Fvideos%2F2491727277762847%2F&#038;show_text=0&#038;width=560\" width=\"560\" height=\"315\" style=\"border:none;overflow:hidden\" scrolling=\"no\" frameborder=\"0\" allowTransparency=\"true\" allowFullScreen=\"true\"><\/iframe>[\/et_pb_code][\/et_pb_column][\/et_pb_row][\/et_pb_section][et_pb_section fb_built=&#8220;1&#8243; custom_padding_last_edited=&#8220;on|desktop&#8220; disabled_on=&#8220;off|on|on&#8220; module_id=&#8220;arbeiten&#8220; _builder_version=&#8220;4.16&#8243; background_color=&#8220;#c5484b&#8220; width=&#8220;100%&#8220; max_width=&#8220;100%&#8220; module_alignment=&#8220;center&#8220; custom_margin=&#8220;0px|0px|0px|0px|false|false&#8220; custom_padding=&#8220;0px|0px|0px|0px|false|false&#8220; custom_padding_tablet=&#8220;|0px||0px&#8220; custom_padding_phone=&#8220;&#8220; global_colors_info=&#8220;{}&#8220;][et_pb_row use_custom_gutter=&#8220;on&#8220; gutter_width=&#8220;1&#8243; _builder_version=&#8220;4.16&#8243; _module_preset=&#8220;default&#8220; width=&#8220;100%&#8220; max_width=&#8220;100%&#8220; custom_margin=&#8220;0px|0px|0px|0px|false|false&#8220; custom_padding=&#8220;0px|0px|0px|0px|false|false&#8220; global_colors_info=&#8220;{}&#8220;][et_pb_column type=&#8220;4_4&#8243; _builder_version=&#8220;4.16&#8243; _module_preset=&#8220;default&#8220; global_colors_info=&#8220;{}&#8220;][et_pb_gallery gallery_ids=&#8220;24941,24942,24943,24944,24945,24946,24947,24948,24949,24950,24951,24952,24953,24954,24955,24956,24957,24958,24959,24960,24961,24962,24963,24964,24965,24966,24967,24968,24969,24970,24971,24972,24973,24974,24975,24976,24977,24978,24979,24980,24981,24982,24983,24984,24985,24986,24987,24988,24989,24990&#8243; fullwidth=&#8220;on&#8220; _builder_version=&#8220;4.18.0&#8243; _module_preset=&#8220;default&#8220; width=&#8220;100%&#8220; max_width=&#8220;100%&#8220; custom_margin=&#8220;0px|0px|0px|0px|false|false&#8220; custom_padding=&#8220;0px|0px|0px|0px|false|false&#8220; global_colors_info=&#8220;{}&#8220;][\/et_pb_gallery][\/et_pb_column][\/et_pb_row][\/et_pb_section][et_pb_section fb_built=&#8220;1&#8243; custom_padding_last_edited=&#8220;on|desktop&#8220; disabled_on=&#8220;on|off|off&#8220; module_id=&#8220;arbeiten&#8220; _builder_version=&#8220;4.16&#8243; background_color=&#8220;#e7b94e&#8220; width=&#8220;100%&#8220; max_width=&#8220;100%&#8220; module_alignment=&#8220;center&#8220; custom_margin=&#8220;0px|0px|0px|0px|false|false&#8220; custom_padding=&#8220;0px|0px|0px|0px|false|false&#8220; custom_padding_tablet=&#8220;|0px||0px&#8220; custom_padding_phone=&#8220;&#8220; global_colors_info=&#8220;{}&#8220;][et_pb_row use_custom_gutter=&#8220;on&#8220; gutter_width=&#8220;1&#8243; _builder_version=&#8220;4.16&#8243; _module_preset=&#8220;default&#8220; width=&#8220;99.3%&#8220; max_width=&#8220;100%&#8220; module_alignment=&#8220;left&#8220; custom_margin=&#8220;0px|0px|0px|0px|false|false&#8220; custom_padding=&#8220;0px|0px|0px|0px|false|false&#8220; global_colors_info=&#8220;{}&#8220;][et_pb_column type=&#8220;4_4&#8243; _builder_version=&#8220;4.16&#8243; _module_preset=&#8220;default&#8220; global_colors_info=&#8220;{}&#8220;][et_pb_gallery gallery_ids=&#8220;24990,24989,24988,24987,24986,24985,24984,24983,24982,24981,24980,24979,24978,24977,24976,24975,24974,24973,24972,24971,24970,24969,24968,24967,24966,24965,24964,24963,24962,24961,24960,24959,24958,24957,24956,24955,24954,24953,24952,24951,24950,24949,24948,24947,24946,24945,24944,24943,24942,24941&#8243; posts_number=&#8220;24&#8243; orientation=&#8220;portrait&#8220; show_title_and_caption=&#8220;off&#8220; zoom_icon_color=&#8220;#ffffff&#8220; hover_overlay_color=&#8220;rgba(0,0,0,0.5)&#8220; hover_icon=&#8220;&#x4c;||divi||400&#8243; module_class=&#8220;col-width&#8220; _builder_version=&#8220;4.18.0&#8243; _module_preset=&#8220;default&#8220; pagination_text_color=&#8220;#ffffff&#8220; width=&#8220;100%&#8220; max_width=&#8220;100%&#8220; module_alignment=&#8220;center&#8220; custom_margin=&#8220;0px|0px|0px|0px|false|false&#8220; custom_padding=&#8220;0px|0px|0px|0px|false|false&#8220; filter_saturate=&#8220;0%&#8220; global_colors_info=&#8220;{}&#8220; filter_saturate__hover_enabled=&#8220;on|hover&#8220; filter_saturate__hover=&#8220;101%&#8220;][\/et_pb_gallery][\/et_pb_column][\/et_pb_row][\/et_pb_section]<\/p>\n","protected":false},"excerpt":{"rendered":"<p>ANNA\/HAMSTER Trash \/ Blackwork \/ Narben Cover UpIch bin Anna, bin 20 Jahre alt und wohne in Leipzig. Woher kommt der Name &#8222;Hamster&#8220;? Wenn ich grinse, habe ich richtige Hamsterbacken. Somit hat sich mein Spitzname als T\u00e4towierer eingeb\u00fcrgert. Geb\u00fcrtig komme ich aus dem sch\u00f6nen S\u00fcd-Th\u00fcringen, doch meine Liebe zur Stadt f\u00fchrte mich nach Leipzig. Hier [&hellip;]<\/p>\n","protected":false},"author":2,"featured_media":0,"parent":0,"menu_order":0,"comment_status":"closed","ping_status":"closed","template":"","meta":{"_et_pb_use_builder":"on","_et_pb_old_content":"","_et_gb_content_width":"","iawp_total_views":71,"footnotes":""},"class_list":["post-4855","page","type-page","status-publish","hentry"],"_links":{"self":[{"href":"https:\/\/color-clinic.com\/en\/wp-json\/wp\/v2\/pages\/4855","targetHints":{"allow":["GET"]}}],"collection":[{"href":"https:\/\/color-clinic.com\/en\/wp-json\/wp\/v2\/pages"}],"about":[{"href":"https:\/\/color-clinic.com\/en\/wp-json\/wp\/v2\/types\/page"}],"author":[{"embeddable":true,"href":"https:\/\/color-clinic.com\/en\/wp-json\/wp\/v2\/users\/2"}],"replies":[{"embeddable":true,"href":"https:\/\/color-clinic.com\/en\/wp-json\/wp\/v2\/comments?post=4855"}],"version-history":[{"count":2,"href":"https:\/\/color-clinic.com\/en\/wp-json\/wp\/v2\/pages\/4855\/revisions"}],"predecessor-version":[{"id":25262,"href":"https:\/\/color-clinic.com\/en\/wp-json\/wp\/v2\/pages\/4855\/revisions\/25262"}],"wp:attachment":[{"href":"https:\/\/color-clinic.com\/en\/wp-json\/wp\/v2\/media?parent=4855"}],"curies":[{"name":"wp","href":"https:\/\/api.w.org\/{rel}","templated":true}]}}