{"id":4886,"date":"2020-05-05T11:42:40","date_gmt":"2020-05-05T11:42:40","guid":{"rendered":"https:\/\/color-clinic.com\/?page_id=4886"},"modified":"2023-08-26T08:36:44","modified_gmt":"2023-08-26T08:36:44","slug":"paula","status":"publish","type":"page","link":"https:\/\/color-clinic.com\/en\/paula\/","title":{"rendered":"Paula"},"content":{"rendered":"<p>[et_pb_section fb_built=&#8220;1&#8243; fullwidth=&#8220;on&#8220; disabled_on=&#8220;on||&#8220; _builder_version=&#8220;4.16&#8243; global_colors_info=&#8220;{}&#8220;][et_pb_fullwidth_header title=&#8220;Color Clinic&#8220; subhead=&#8220;Tattoo K\u00fcnstler&#8220; text_orientation=&#8220;center&#8220; _builder_version=&#8220;4.16&#8243; title_text_color=&#8220;#e7b94e&#8220; title_font_size=&#8220;1.7vw&#8220; subhead_font_size=&#8220;25px&#8220; background_color=&#8220;#111111&#8243; background_size=&#8220;initial&#8220; background_position=&#8220;top_left&#8220; background_repeat=&#8220;repeat&#8220; global_colors_info=&#8220;{}&#8220;][\/et_pb_fullwidth_header][\/et_pb_section][et_pb_section fb_built=&#8220;1&#8243; custom_padding_last_edited=&#8220;on|phone&#8220; _builder_version=&#8220;4.16&#8243; background_color=&#8220;#000000&#8243; background_image=&#8220;\/\/color-clinic.com\/wp-content\/uploads\/2018\/12\/background_team_small_3.jpg&#8220; parallax=&#8220;on&#8220; parallax_method=&#8220;off&#8220; custom_margin_tablet=&#8220;&#8220; custom_margin_phone=&#8220;0px||||false|false&#8220; custom_margin_last_edited=&#8220;on|phone&#8220; custom_padding_tablet=&#8220;|0px||0px&#8220; custom_padding_phone=&#8220;&#8220; global_colors_info=&#8220;{}&#8220;][et_pb_row disabled_on=&#8220;off||&#8220; _builder_version=&#8220;4.16&#8243; global_colors_info=&#8220;{}&#8220;][et_pb_column type=&#8220;4_4&#8243; _builder_version=&#8220;4.16&#8243; custom_padding=&#8220;|||&#8220; global_colors_info=&#8220;{}&#8220; custom_padding__hover=&#8220;|||&#8220;][et_pb_text _builder_version=&#8220;4.16&#8243; global_colors_info=&#8220;{}&#8220;]<\/p>\n<h2>PAULA<\/h2>\n<p>Portraits Mensch und Tier \/ Narben Cover Up \/ Brustwarzen Rekonstruktion \/Disney<\/p>\n<p>&nbsp;<\/p>\n<p>[\/et_pb_text][et_pb_social_media_follow _builder_version=&#8220;4.16&#8243; global_colors_info=&#8220;{}&#8220;][et_pb_social_media_follow_network social_network=&#8220;facebook&#8220; url=&#8220;https:\/\/www.facebook.com\/pg\/colorclinictattoo\/photos\/?tab=album&#038;album_id=2005669833091277&#8243; _builder_version=&#8220;4.16&#8243; background_color=&#8220;#333333&#8243; global_colors_info=&#8220;{}&#8220; follow_button=&#8220;off&#8220; url_new_window=&#8220;on&#8220;]Facebook[\/et_pb_social_media_follow_network][\/et_pb_social_media_follow][\/et_pb_column][\/et_pb_row][et_pb_row column_structure=&#8220;1_3,2_3&#8243; _builder_version=&#8220;4.16&#8243; custom_margin=&#8220;-30px|||&#8220; custom_margin_tablet=&#8220;&#8220; custom_margin_phone=&#8220;&#8220; custom_margin_last_edited=&#8220;on|desktop&#8220; global_colors_info=&#8220;{}&#8220;][et_pb_column type=&#8220;1_3&#8243; _builder_version=&#8220;4.16&#8243; custom_padding=&#8220;|||&#8220; global_colors_info=&#8220;{}&#8220; custom_padding__hover=&#8220;|||&#8220;][et_pb_image src=&#8220;https:\/\/color-clinic.com\/wp-content\/uploads\/2019\/07\/01_PAULA_FINAL.png&#8220; title_text=&#8220;01_PAULA_FINAL&#8220; _builder_version=&#8220;4.16&#8243; global_colors_info=&#8220;{}&#8220;][\/et_pb_image][et_pb_code module_class=&#8220;artist-page&#8220; _builder_version=&#8220;4.18.0&#8243; global_colors_info=&#8220;{}&#8220;]<a class=\"dom-modal-button modal-2\" href=\"https:\/\/kko.kisscalservice.de\/?dbstudio=ks_colorclinic\" target=\"_blank\" rel=\"noopener\">Termin vereinbaren<\/a>[\/et_pb_code][\/et_pb_column][et_pb_column type=&#8220;2_3&#8243; _builder_version=&#8220;4.16&#8243; custom_padding=&#8220;|||&#8220; global_colors_info=&#8220;{}&#8220; custom_padding__hover=&#8220;|||&#8220;][et_pb_text _builder_version=&#8220;4.16&#8243; text_font=&#8220;Open Sans||||||||&#8220; global_colors_info=&#8220;{}&#8220;]Der Wunsch, T\u00e4towierer zu werden, entstand mit 12 Jahren als ich zum ersten Mal ein Tattoostudio betrat, um mir ein Piercing stechen zu lassen. Seit diesem Tag wusste ich, dass ich T\u00e4towiererin werden m\u00f6chte und habe darauf hingearbeitet meinen Traum zu erf\u00fcllen. Ich zeichnete jeden Tag, sammelte Tattoozeitschriften und malte Freunden &#8222;Bilder&#8220; auf die Haut. Tattoos wurden mein Lebensinhalt.<\/p>\n<p>Erst mit 26 Jahren erhielt ich die Chance, meinen Traum wahr werden zu lassen. Mit Hilfe meines Mannes und t\u00e4glicher \u00dcbung, brachte ich mir als Autodidakt das T\u00e4towieren bei.<\/p>\n<p>Gemeinsam er\u00f6ffneten wir 2015 unser Tattoostudio. Die <strong><a href=\"https:\/\/www.facebook.com\/colorclinictattoo\/\" target=\"_blank\" rel=\"noopener\">Color Clinic.<\/a><\/strong><\/p>\n<p>Seit Februar 2016 t\u00e4towiere ich hier.<br \/>\nDer t\u00e4gliche Ehrgeiz besser zu werden und der Ansporn meines Mannes, haben mich in die Position gebracht, selber jungen Menschen das T\u00e4towieren beizubringen.<\/p>\n<p><span style=\"color: #e7b94e;\"><strong>Tattoostile:<\/strong><\/span>\u00a0Portraits Mensch und Tier \/ Narben Cover Up \/ Brustwarzen Rekonstruktion \/\u00a0Disney<\/p>\n<p>&nbsp;[\/et_pb_text][et_pb_text _builder_version=&#8220;4.16&#8243; text_text_color=&#8220;#e7b94e&#8220; text_font_size=&#8220;20px&#8220; text_line_height=&#8220;1.8em&#8220; text_orientation=&#8220;center&#8220; text_line_height_tablet=&#8220;&#8220; text_line_height_phone=&#8220;1.7em&#8220; text_line_height_last_edited=&#8220;on|phone&#8220; global_colors_info=&#8220;{}&#8220;]<\/p>\n<p style=\"text-align: left;\"><strong>\u201eI may not believe in myself, but I believe in what I\u2018m doing.\u201c<\/strong><\/p>\n<p>[\/et_pb_text][et_pb_text _builder_version=&#8220;4.16&#8243; text_text_color=&#8220;#ffffff&#8220; text_line_height=&#8220;1.8em&#8220; text_orientation=&#8220;right&#8220; text_line_height_tablet=&#8220;&#8220; text_line_height_phone=&#8220;1.7em&#8220; text_line_height_last_edited=&#8220;on|phone&#8220; global_colors_info=&#8220;{}&#8220;]<\/p>\n<p style=\"text-align: right;\">&#8211; Jimmy Page<\/p>\n<p>[\/et_pb_text][\/et_pb_column][\/et_pb_row][et_pb_row _builder_version=&#8220;4.16&#8243; background_size=&#8220;initial&#8220; background_position=&#8220;top_left&#8220; background_repeat=&#8220;repeat&#8220; global_colors_info=&#8220;{}&#8220;][et_pb_column type=&#8220;4_4&#8243; _builder_version=&#8220;4.16&#8243; custom_padding=&#8220;|||&#8220; global_colors_info=&#8220;{}&#8220; custom_padding__hover=&#8220;|||&#8220;][et_pb_code _builder_version=&#8220;4.16&#8243; _module_preset=&#8220;default&#8220; custom_margin_tablet=&#8220;&#8220; custom_margin_phone=&#8220;||-510px||false|false&#8220; custom_margin_last_edited=&#8220;on|phone&#8220; global_colors_info=&#8220;{}&#8220;]<iframe loading=\"lazy\" src=\"https:\/\/www.facebook.com\/plugins\/video.php?href=https%3A%2F%2Fwww.facebook.com%2Fcolorclinictattoo%2Fvideos%2F2601537930091046%2F&#038;show_text=0&#038;width=560\" width=\"560\" height=\"315\" style=\"border:none;overflow:hidden\" scrolling=\"no\" frameborder=\"0\" allowTransparency=\"true\" allowFullScreen=\"true\"><\/iframe>[\/et_pb_code][\/et_pb_column][\/et_pb_row][\/et_pb_section][et_pb_section fb_built=&#8220;1&#8243; custom_padding_last_edited=&#8220;on|desktop&#8220; disabled_on=&#8220;off|on|on&#8220; module_id=&#8220;arbeiten&#8220; _builder_version=&#8220;4.16&#8243; background_color=&#8220;#c5484b&#8220; width=&#8220;100%&#8220; max_width=&#8220;100%&#8220; module_alignment=&#8220;center&#8220; custom_margin=&#8220;0px|0px|0px|0px|false|false&#8220; custom_padding=&#8220;0px|0px|0px|0px|false|false&#8220; custom_padding_tablet=&#8220;|0px||0px&#8220; custom_padding_phone=&#8220;&#8220; global_colors_info=&#8220;{}&#8220;][et_pb_row use_custom_gutter=&#8220;on&#8220; gutter_width=&#8220;1&#8243; _builder_version=&#8220;4.16&#8243; _module_preset=&#8220;default&#8220; width=&#8220;100%&#8220; max_width=&#8220;100%&#8220; custom_margin=&#8220;0px|0px|0px|0px|false|false&#8220; custom_padding=&#8220;0px|0px|0px|0px|false|false&#8220; global_colors_info=&#8220;{}&#8220;][et_pb_column type=&#8220;4_4&#8243; _builder_version=&#8220;4.16&#8243; _module_preset=&#8220;default&#8220; global_colors_info=&#8220;{}&#8220;][et_pb_gallery gallery_ids=&#8220;25038,25039,25040,25041,25042,25043,25044,25045,25046,25047,25048,25049,25050,25051,25052,25053,25054,25055,25056,25057,25058,25059,25060,25061,25062,25063,25064,25065,25066,25067,25068,25069,25070,25071,25072,28223,28224,28225,28226,28227,28228,28229,28230,28231,28232,28233,28234,28235,28236,28237,28238,28239,28240,28241,28242,28243,28244,28245,28246,28247,28248,28249,28250,28251,28252,28253,28254,28255,28256,28257,28258,28259,28260,28261,28262,28263,28264,28265,28266,28267,28268,28269,28270,28271,28272,28273,28274,28275,28276,28277,28278,28279,28280,28281,28282,28283,28284,28285,28286&#8243; fullwidth=&#8220;on&#8220; _builder_version=&#8220;4.22.1&#8243; _module_preset=&#8220;default&#8220; width=&#8220;100%&#8220; max_width=&#8220;100%&#8220; custom_margin=&#8220;0px|0px|0px|0px|false|false&#8220; custom_padding=&#8220;0px|0px|0px|0px|false|false&#8220; hover_enabled=&#8220;0&#8243; global_colors_info=&#8220;{}&#8220; sticky_enabled=&#8220;0&#8243; gallery_orderby=&#8220;rand&#8220;][\/et_pb_gallery][\/et_pb_column][\/et_pb_row][\/et_pb_section][et_pb_section fb_built=&#8220;1&#8243; custom_padding_last_edited=&#8220;on|desktop&#8220; disabled_on=&#8220;on|off|off&#8220; module_id=&#8220;arbeiten&#8220; _builder_version=&#8220;4.16&#8243; background_color=&#8220;#e7b94e&#8220; width=&#8220;100%&#8220; max_width=&#8220;100%&#8220; module_alignment=&#8220;center&#8220; custom_margin=&#8220;0px|0px|0px|0px|false|false&#8220; custom_padding=&#8220;0px|0px|0px|0px|false|false&#8220; custom_padding_tablet=&#8220;|0px||0px&#8220; custom_padding_phone=&#8220;&#8220; global_colors_info=&#8220;{}&#8220;][et_pb_row use_custom_gutter=&#8220;on&#8220; gutter_width=&#8220;1&#8243; _builder_version=&#8220;4.16&#8243; _module_preset=&#8220;default&#8220; width=&#8220;99.3%&#8220; max_width=&#8220;100%&#8220; module_alignment=&#8220;left&#8220; custom_margin=&#8220;0px|0px|0px|0px|false|false&#8220; custom_padding=&#8220;0px|0px|0px|0px|false|false&#8220; global_colors_info=&#8220;{}&#8220;][et_pb_column type=&#8220;4_4&#8243; _builder_version=&#8220;4.16&#8243; _module_preset=&#8220;default&#8220; global_colors_info=&#8220;{}&#8220;][et_pb_gallery gallery_ids=&#8220;25072,25071,25070,25069,25068,25067,25066,25065,25064,25063,25062,25061,25060,25059,25058,25057,25056,25055,25054,25053,25052,25051,25050,25049,25048,25047,25046,25045,25044,25043,25042,25041,25040,25039,25038,28223,28286,28285,28284,28283,28282,28281,28280,28279,28278,28277,28276,28275,28274,28273,28272,28271,28270,28269,28268,28267,28266,28265,28264,28263,28262,28261,28260,28259,28258,28257,28256,28255,28254,28253,28252,28251,28250,28249,28248,28247,28246,28245,28244,28243,28242,28241,28240,28239,28238,28237,28236,28235,28234,28233,28232,28231,28230,28229,28228,28227,28226,28225,28224&#8243; posts_number=&#8220;24&#8243; orientation=&#8220;portrait&#8220; show_title_and_caption=&#8220;off&#8220; zoom_icon_color=&#8220;#ffffff&#8220; hover_overlay_color=&#8220;rgba(0,0,0,0.5)&#8220; hover_icon=&#8220;&#x4c;||divi||400&#8243; module_class=&#8220;col-width&#8220; _builder_version=&#8220;4.22.1&#8243; _module_preset=&#8220;default&#8220; pagination_text_color=&#8220;#ffffff&#8220; width=&#8220;100%&#8220; max_width=&#8220;100%&#8220; module_alignment=&#8220;center&#8220; custom_margin=&#8220;0px|0px|0px|0px|false|false&#8220; custom_padding=&#8220;0px|0px|0px|0px|false|false&#8220; filter_saturate=&#8220;0%&#8220; hover_enabled=&#8220;0&#8243; global_colors_info=&#8220;{}&#8220; filter_saturate__hover_enabled=&#8220;on|hover&#8220; filter_saturate__hover=&#8220;101%&#8220; sticky_enabled=&#8220;0&#8243; gallery_orderby=&#8220;rand&#8220;][\/et_pb_gallery][\/et_pb_column][\/et_pb_row][\/et_pb_section]<\/p>\n","protected":false},"excerpt":{"rendered":"<p>PAULA Portraits Mensch und Tier \/ Narben Cover Up \/ Brustwarzen Rekonstruktion \/Disney &nbsp;Der Wunsch, T\u00e4towierer zu werden, entstand mit 12 Jahren als ich zum ersten Mal ein Tattoostudio betrat, um mir ein Piercing stechen zu lassen. Seit diesem Tag wusste ich, dass ich T\u00e4towiererin werden m\u00f6chte und habe darauf hingearbeitet meinen Traum zu erf\u00fcllen. [&hellip;]<\/p>\n","protected":false},"author":2,"featured_media":0,"parent":0,"menu_order":0,"comment_status":"closed","ping_status":"closed","template":"","meta":{"_et_pb_use_builder":"on","_et_pb_old_content":"","_et_gb_content_width":"","iawp_total_views":2145,"footnotes":""},"class_list":["post-4886","page","type-page","status-publish","hentry"],"_links":{"self":[{"href":"https:\/\/color-clinic.com\/en\/wp-json\/wp\/v2\/pages\/4886","targetHints":{"allow":["GET"]}}],"collection":[{"href":"https:\/\/color-clinic.com\/en\/wp-json\/wp\/v2\/pages"}],"about":[{"href":"https:\/\/color-clinic.com\/en\/wp-json\/wp\/v2\/types\/page"}],"author":[{"embeddable":true,"href":"https:\/\/color-clinic.com\/en\/wp-json\/wp\/v2\/users\/2"}],"replies":[{"embeddable":true,"href":"https:\/\/color-clinic.com\/en\/wp-json\/wp\/v2\/comments?post=4886"}],"version-history":[{"count":3,"href":"https:\/\/color-clinic.com\/en\/wp-json\/wp\/v2\/pages\/4886\/revisions"}],"predecessor-version":[{"id":28287,"href":"https:\/\/color-clinic.com\/en\/wp-json\/wp\/v2\/pages\/4886\/revisions\/28287"}],"wp:attachment":[{"href":"https:\/\/color-clinic.com\/en\/wp-json\/wp\/v2\/media?parent=4886"}],"curies":[{"name":"wp","href":"https:\/\/api.w.org\/{rel}","templated":true}]}}