{"id":4890,"date":"2020-02-11T12:02:22","date_gmt":"2020-02-11T12:02:22","guid":{"rendered":"https:\/\/color-clinic.com\/?page_id=4890"},"modified":"2020-06-22T07:16:49","modified_gmt":"2020-06-22T07:16:49","slug":"laser","status":"publish","type":"page","link":"https:\/\/color-clinic.com\/en\/laser\/","title":{"rendered":"Laser"},"content":{"rendered":"<p>[et_pb_section fb_built=&#8220;1&#8243; _builder_version=&#8220;3.22.3&#8243; background_color=&#8220;#000000&#8243; background_image=&#8220;\/\/color-clinic.com\/wp-content\/uploads\/2018\/12\/background_team_small_3.jpg&#8220; parallax=&#8220;on&#8220; parallax_method=&#8220;off&#8220;][et_pb_row disabled_on=&#8220;off||&#8220; _builder_version=&#8220;3.25&#8243; background_color=&#8220;#111111&#8243; width=&#8220;100%&#8220; max_width=&#8220;100%&#8220; use_custom_width=&#8220;on&#8220; width_unit=&#8220;off&#8220; custom_width_percent=&#8220;100%&#8220;][et_pb_column type=&#8220;4_4&#8243; _builder_version=&#8220;3.25&#8243; custom_padding=&#8220;|||&#8220; custom_padding__hover=&#8220;|||&#8220;][et_pb_divider show_divider=&#8220;off&#8220; _builder_version=&#8220;3.17.1&#8243; height=&#8220;31px&#8220; custom_margin=&#8220;30px|||&#8220; custom_margin_tablet=&#8220;20px|||&#8220; custom_margin_phone=&#8220;0px|||&#8220; custom_margin_last_edited=&#8220;on|phone&#8220;][\/et_pb_divider][\/et_pb_column][\/et_pb_row][et_pb_row _builder_version=&#8220;3.25&#8243; background_color=&#8220;#111111&#8243; width=&#8220;100%&#8220; max_width=&#8220;100%&#8220; custom_margin_tablet=&#8220;&#8220; custom_margin_phone=&#8220;&#8220; custom_margin_last_edited=&#8220;on|desktop&#8220; use_custom_width=&#8220;on&#8220; width_unit=&#8220;off&#8220; custom_width_percent=&#8220;100%&#8220;][et_pb_column type=&#8220;4_4&#8243; _builder_version=&#8220;3.25&#8243; custom_padding=&#8220;|||&#8220; custom_padding__hover=&#8220;|||&#8220;][et_pb_text admin_label=&#8220;PAGE TITLE&#8220; _builder_version=&#8220;3.27.4&#8243; text_font=&#8220;Railways to Hells||||||||&#8220; text_text_color=&#8220;#ffffff&#8220; text_font_size=&#8220;22px&#8220; header_font=&#8220;Railways to Hells||||||||&#8220; header_text_align=&#8220;center&#8220; header_text_color=&#8220;#ffffff&#8220; header_font_size=&#8220;22px&#8220; text_orientation=&#8220;center&#8220; background_layout=&#8220;dark&#8220; custom_margin_tablet=&#8220;&#8220; custom_margin_phone=&#8220;|10px||10px&#8220; custom_margin_last_edited=&#8220;on|phone&#8220;]<\/p>\n<h3>Laser-Aktionstag<\/h3>\n<p>[\/et_pb_text][\/et_pb_column][\/et_pb_row][et_pb_row _builder_version=&#8220;3.25&#8243; background_size=&#8220;initial&#8220; background_position=&#8220;top_left&#8220; background_repeat=&#8220;repeat&#8220;][et_pb_column type=&#8220;4_4&#8243; _builder_version=&#8220;3.25&#8243; custom_padding=&#8220;|||&#8220; custom_padding__hover=&#8220;|||&#8220;][et_pb_button button_url=&#8220;#platz&#8220; button_text=&#8220;Auf Grund von Corona mit vorheriger Terminvereinbarung&#8220; button_alignment=&#8220;center&#8220; _builder_version=&#8220;4.4.8&#8243; custom_button=&#8220;on&#8220; button_text_size=&#8220;13&#8243; button_text_color=&#8220;#ffffff&#8220; button_bg_color=&#8220;#c5484b&#8220; button_border_color=&#8220;#c5484b&#8220; button_font=&#8220;moms typewriter||||||||&#8220; button_use_icon=&#8220;off&#8220; background_layout=&#8220;dark&#8220; animation_direction=&#8220;left&#8220; hover_enabled=&#8220;0&#8243; saved_tabs=&#8220;all&#8220;][\/et_pb_button][\/et_pb_column][\/et_pb_row][et_pb_row column_structure=&#8220;1_2,1_2&#8243; _builder_version=&#8220;3.26.6&#8243;][et_pb_column type=&#8220;1_2&#8243; _builder_version=&#8220;3.26.6&#8243;][et_pb_text _builder_version=&#8220;4.3.2&#8243;]<span style=\"color: #c5484b;\">Du kennst das:<\/span> Ein Tattoo welches du dir vor Jahren im Urlaub hast t\u00e4towieren lassen, Jugends\u00fcnden oder ein Motiv, welches du f\u00fcr deine erste gro\u00dfe Liebe hast stechen lassen? Jahre sp\u00e4ter sieht es einfach nicht mehr sch\u00f6n aus oder deine gro\u00dfe Liebe ist l\u00e4ngst Geschichte.<\/p>\n<p>Die <strong><a href=\"https:\/\/www.facebook.com\/colorclinictattoo\/\" target=\"_blank\" rel=\"noopener\">Color Clinic<\/a><\/strong> bietet dir f\u00fcr ein Cover Up eine vorherige Laser Behandlung, damit du das bestm\u00f6gliche Ergebnis bei deinem neuen Tattoo erzielst.<\/p>\n<p>Egal, ob du planst, ein vorhandenes Tattoo zu aktualisieren, ein Redesign durchzuf\u00fchren oder ein altes oder schlechtes Tattoo-Design zu vertuschen, die Tattoo Laser Entfernung kann dazu beitragen, vorhandene T\u00e4towierungen zu verblassen und T\u00e4towierer dabei zu unterst\u00fctzen, ein viel besseres Cover-Up-Tattoo zu erstellen.<br \/>\n[\/et_pb_text][\/et_pb_column][et_pb_column type=&#8220;1_2&#8243; _builder_version=&#8220;3.26.6&#8243;][et_pb_text _builder_version=&#8220;4.3.2&#8243;]Wenn du \u00fcber das Cover Up nachdenkst, \u00fcberlege zun\u00e4chst, ob du das Tattoo aufhellen m\u00f6chtest. Es wird dir helfen, die gew\u00fcnschten Ergebnisse zu erzielen.<\/p>\n<p>Wie viele Sitzungen du bei uns haben wirst, h\u00e4ngt ganz davon ab, ob du dein Tattoo komplett entfernt haben m\u00f6chtest oder wir es nur aufhellen, um ein ordentliches <a href=\"https:\/\/color-clinic.com\/tattoo-cover-up\/\">Cover Up<\/a> dar\u00fcber setzen zu k\u00f6nnen. <span style=\"color: #c5484b;\">Einmal im Monat kannst du dir einen Tattoo Laser Entfernung Termin bei uns sichern.<\/span><\/p>\n<p>Schick uns daf\u00fcr einfach \u00fcber das Formular eine Anfrage und wir k\u00fcmmern uns schnellstm\u00f6glich um dein Anliegen.<br \/>\n[\/et_pb_text][\/et_pb_column][\/et_pb_row][et_pb_row module_id=&#8220;platz&#8220; _builder_version=&#8220;3.25&#8243; custom_margin_tablet=&#8220;&#8220; custom_margin_phone=&#8220;&#8220; custom_margin_last_edited=&#8220;on|desktop&#8220;][et_pb_column type=&#8220;4_4&#8243; _builder_version=&#8220;3.25&#8243; custom_padding=&#8220;|||&#8220; custom_padding__hover=&#8220;|||&#8220;][et_pb_contact_form captcha=&#8220;off&#8220; email=&#8220;info@color-clinic.com&#8220; title=&#8220;Laser-Anfrage&#8220; custom_message=&#8220;%%Name%%||et_pb_line_break_holder||%%Nachname%%||et_pb_line_break_holder||%%Email%%||et_pb_line_break_holder||%%Nummer%%||et_pb_line_break_holder||%%Message%%&#8220; success_message=&#8220;Danke! Wir melden uns!&#8220; submit_button_text=&#8220;Senden&#8220; module_id=&#8220;diviForm&#8220; module_class=&#8220;dom-form&#8220; _builder_version=&#8220;3.23&#8243; form_field_background_color=&#8220;rgba(0,0,0,0)&#8220; form_field_text_color=&#8220;#ffffff&#8220; title_text_color=&#8220;#c5484b&#8220; form_field_font=&#8220;||||||||&#8220; custom_button=&#8220;on&#8220; button_text_color=&#8220;#ffffff&#8220; button_bg_color=&#8220;#c5484b&#8220; button_border_width=&#8220;0&#8243; button_font=&#8220;moms typewriter||||||||&#8220; button_use_icon=&#8220;off&#8220; max_width_tablet=&#8220;90%&#8220; max_width_phone=&#8220;100%&#8220; max_width_last_edited=&#8220;on|desktop&#8220; module_alignment=&#8220;center&#8220; title_font_size_tablet=&#8220;&#8220; title_font_size_phone=&#8220;16&#8243; title_font_size_last_edited=&#8220;on|phone&#8220; border_width_all=&#8220;1px&#8220; border_color_all=&#8220;#ffffff&#8220; form_background_color=&#8220;rgba(0,0,0,0)&#8220;][et_pb_contact_field field_id=&#8220;Name&#8220; field_title=&#8220;Name&#8220; _builder_version=&#8220;3.17.1&#8243; form_field_text_color=&#8220;#828282&#8243; form_field_font=&#8220;||||||||&#8220; max_width_tablet=&#8220;100%&#8220; form_field_text_color__hover_enabled=&#8220;on&#8220; form_field_text_color__hover=&#8220;#ffffff&#8220;][\/et_pb_contact_field][et_pb_contact_field field_id=&#8220;Nachname&#8220; field_title=&#8220;Nachname&#8220; _builder_version=&#8220;3.17.1&#8243; form_field_text_color=&#8220;#828282&#8243; form_field_font=&#8220;||||||||&#8220; max_width_tablet=&#8220;100%&#8220; form_field_text_color__hover=&#8220;#ffffff&#8220; form_field_text_color__hover_enabled=&#8220;on&#8220;][\/et_pb_contact_field][et_pb_contact_field field_id=&#8220;Email&#8220; field_title=&#8220;Email &#8220; field_type=&#8220;email&#8220; _builder_version=&#8220;3.17.1&#8243; form_field_text_color=&#8220;#828282&#8243; form_field_font=&#8220;||||||||&#8220; max_width_tablet=&#8220;100%&#8220; form_field_text_color__hover=&#8220;#ffffff&#8220; form_field_text_color__hover_enabled=&#8220;on&#8220;][\/et_pb_contact_field][et_pb_contact_field field_id=&#8220;Nummer&#8220; field_title=&#8220;Telefonnummer&#8220; _builder_version=&#8220;3.17.1&#8243; form_field_text_color=&#8220;#828282&#8243; form_field_font=&#8220;||||||||&#8220; max_width_tablet=&#8220;100%&#8220; form_field_text_color__hover=&#8220;#ffffff&#8220; form_field_text_color__hover_enabled=&#8220;on&#8220;][\/et_pb_contact_field][et_pb_contact_field field_id=&#8220;Message&#8220; field_title=&#8220;Nachricht&#8220; field_type=&#8220;text&#8220; fullwidth_field=&#8220;on&#8220; _builder_version=&#8220;3.17.1&#8243; form_field_text_color=&#8220;#828282&#8243; form_field_font=&#8220;||||||||&#8220; max_width_tablet=&#8220;100%&#8220; form_field_text_color__hover=&#8220;#ffffff&#8220; form_field_text_color__hover_enabled=&#8220;on&#8220;][\/et_pb_contact_field][\/et_pb_contact_form][\/et_pb_column][\/et_pb_row][\/et_pb_section]<\/p>\n","protected":false},"excerpt":{"rendered":"<p>Laser-Aktionstag Du kennst das: Ein Tattoo welches du dir vor Jahren im Urlaub hast t\u00e4towieren lassen, Jugends\u00fcnden oder ein Motiv, welches du f\u00fcr deine erste gro\u00dfe Liebe hast stechen lassen? Jahre sp\u00e4ter sieht es einfach nicht mehr sch\u00f6n aus oder deine gro\u00dfe Liebe ist l\u00e4ngst Geschichte. Die Color Clinic bietet dir f\u00fcr ein Cover Up [&hellip;]<\/p>\n","protected":false},"author":2,"featured_media":0,"parent":0,"menu_order":0,"comment_status":"closed","ping_status":"closed","template":"","meta":{"_et_pb_use_builder":"on","_et_pb_old_content":"","_et_gb_content_width":"","iawp_total_views":3,"footnotes":""},"class_list":["post-4890","page","type-page","status-publish","hentry"],"_links":{"self":[{"href":"https:\/\/color-clinic.com\/en\/wp-json\/wp\/v2\/pages\/4890","targetHints":{"allow":["GET"]}}],"collection":[{"href":"https:\/\/color-clinic.com\/en\/wp-json\/wp\/v2\/pages"}],"about":[{"href":"https:\/\/color-clinic.com\/en\/wp-json\/wp\/v2\/types\/page"}],"author":[{"embeddable":true,"href":"https:\/\/color-clinic.com\/en\/wp-json\/wp\/v2\/users\/2"}],"replies":[{"embeddable":true,"href":"https:\/\/color-clinic.com\/en\/wp-json\/wp\/v2\/comments?post=4890"}],"version-history":[{"count":0,"href":"https:\/\/color-clinic.com\/en\/wp-json\/wp\/v2\/pages\/4890\/revisions"}],"wp:attachment":[{"href":"https:\/\/color-clinic.com\/en\/wp-json\/wp\/v2\/media?parent=4890"}],"curies":[{"name":"wp","href":"https:\/\/api.w.org\/{rel}","templated":true}]}}