{"id":4901,"date":"2020-02-27T07:58:44","date_gmt":"2020-02-27T07:58:44","guid":{"rendered":"https:\/\/color-clinic.com\/?page_id=4901"},"modified":"2021-06-10T14:58:53","modified_gmt":"2021-06-10T14:58:53","slug":"piercing","status":"publish","type":"page","link":"https:\/\/color-clinic.com\/en\/piercing\/","title":{"rendered":"Piercing"},"content":{"rendered":"<p>[et_pb_section fb_built=&#8220;1&#8243; _builder_version=&#8220;3.22.3&#8243; background_color=&#8220;#000000&#8243; background_image=&#8220;\/\/color-clinic.com\/wp-content\/uploads\/2018\/12\/background_team_small_3.jpg&#8220; parallax=&#8220;on&#8220; parallax_method=&#8220;off&#8220;][et_pb_row _builder_version=&#8220;3.25&#8243; background_color=&#8220;#111111&#8243; width=&#8220;100%&#8220; max_width=&#8220;100%&#8220; use_custom_width=&#8220;on&#8220; width_unit=&#8220;off&#8220; custom_width_percent=&#8220;100%&#8220;][et_pb_column type=&#8220;4_4&#8243; _builder_version=&#8220;3.25&#8243; custom_padding=&#8220;|||&#8220; custom_padding__hover=&#8220;|||&#8220;][et_pb_divider show_divider=&#8220;off&#8220; _builder_version=&#8220;3.17.1&#8243; height=&#8220;30px&#8220; custom_margin=&#8220;30px|||&#8220; custom_margin_tablet=&#8220;20px|||&#8220; custom_margin_phone=&#8220;0px|||&#8220; custom_margin_last_edited=&#8220;on|phone&#8220;]<br \/>\n[\/et_pb_divider][\/et_pb_column][\/et_pb_row][et_pb_row _builder_version=&#8220;3.25&#8243; background_color=&#8220;#111111&#8243; width=&#8220;100%&#8220; max_width=&#8220;100%&#8220; custom_margin_tablet=&#8220;&#8220; custom_margin_phone=&#8220;&#8220; custom_margin_last_edited=&#8220;on|desktop&#8220; use_custom_width=&#8220;on&#8220; width_unit=&#8220;off&#8220; custom_width_percent=&#8220;100%&#8220;][et_pb_column type=&#8220;4_4&#8243; _builder_version=&#8220;3.25&#8243; custom_padding=&#8220;|||&#8220; custom_padding__hover=&#8220;|||&#8220;][et_pb_text admin_label=&#8220;PAGE TITLE&#8220; _builder_version=&#8220;4.9.5&#8243; text_font=&#8220;Railways to Hells||||||||&#8220; text_text_color=&#8220;#ffffff&#8220; text_font_size=&#8220;22px&#8220; header_font=&#8220;Railways to Hells||||||||&#8220; header_text_align=&#8220;center&#8220; header_text_color=&#8220;#e7b94e&#8220; header_font_size=&#8220;1.7vw&#8220; text_orientation=&#8220;center&#8220; background_layout=&#8220;dark&#8220; custom_margin_tablet=&#8220;&#8220; custom_margin_phone=&#8220;|10px||10px&#8220; custom_margin_last_edited=&#8220;on|phone&#8220; hover_enabled=&#8220;0&#8243; sticky_enabled=&#8220;0&#8243;]<\/p>\n<h1>Color Clinic<\/h1>\n<h3>Piercing<\/h3>\n<p>[\/et_pb_text][\/et_pb_column][\/et_pb_row][et_pb_row _builder_version=&#8220;3.26.3&#8243;][et_pb_column type=&#8220;4_4&#8243; _builder_version=&#8220;3.26.3&#8243;][et_pb_image src=&#8220;https:\/\/color-clinic.com\/wp-content\/uploads\/2020\/06\/ezgif.com-optimize.gif&#8220; title_text=&#8220;ezgif.com-optimize&#8220; align=&#8220;center&#8220; _builder_version=&#8220;4.4.8&#8243; width=&#8220;60%&#8220; width_tablet=&#8220;&#8220; width_phone=&#8220;&#8220; width_last_edited=&#8220;on|desktop&#8220; module_alignment=&#8220;center&#8220; min_height=&#8220;60%&#8220; border_width_all=&#8220;2px&#8220; border_color_all=&#8220;#ffffff&#8220;][\/et_pb_image][\/et_pb_column][\/et_pb_row][et_pb_row column_structure=&#8220;1_2,1_2&#8243; _builder_version=&#8220;3.26.3&#8243;][et_pb_column type=&#8220;1_2&#8243; _builder_version=&#8220;3.26.3&#8243;][et_pb_text _builder_version=&#8220;4.9.5&#8243; text_font=&#8220;Open Sans||||||||&#8220; header_6_text_color=&#8220;#e7b94e&#8220; text_orientation=&#8220;justify&#8220; text_text_align=&#8220;justify&#8220;]<\/p>\n<h6><span style=\"color: #e7b94e;\">Der Schmuck<\/span><\/h6>\n<p>Du bekommst deinen ersten Piercingschmuck inklusive Pflegeset von uns. Wir verwenden in Deutschland hergestellte Produkte aus PTFE oder Titan. Diese Materialien gelten als besonders hygienisch, best\u00e4ndig und leicht zu handhaben. An manchen K\u00f6rperstellen eignen sich St\u00e4bchen besser als Ringe oder umgekehrt, und manchmal ist \u2013 vor allem f\u00fcr den Ersteinsatz \u2013 ein flexibles Schmuckst\u00fcck sinnvoll. K\u00f6rperschmuck ist nicht szeneabh\u00e4ngig, sondern schlicht menschlich!<\/p>\n<p>[\/et_pb_text][\/et_pb_column][et_pb_column type=&#8220;1_2&#8243; _builder_version=&#8220;3.26.3&#8243;][et_pb_text _builder_version=&#8220;4.8.2&#8243; text_orientation=&#8220;justify&#8220; text_text_align=&#8220;justify&#8220;]<\/p>\n<h6><strong><span style=\"color: #e7b94e;\">Vorbereitung und Ablauf<\/span><\/strong><\/h6>\n<p>In der Zeit vor dem Piercen solltest du keinerlei Drogen, Alkohol oder Medikamente zu dir nehmen. Schmerzlinderung? Falsch gedacht! Kreislauf und die Blutgerinnung werden negativ beeinflusst. Einfach vorher normal essen und trinken. Ob es weh tut? Oh ja und zwar f\u00fcr eine Sekunde und dann l\u00e4sst der Schmerz ziemlich schnell nach! Eine Bet\u00e4ubung gibt es nicht, da diese in fast jedem Falle schmerzhafter w\u00e4re, als das eigentliche Piercen.<\/p>\n<p>Beim Stechen selbst garantieren wir sterile Instrumente und penible Hygiene. Mit einem geeigneten Desinfektionsmittel wird die gew\u00fcnschte Stelle gereinigt und desinfiziert. Mit einem Hautmarkierungsstift wird die entsprechende Stelle angezeichnet. Danach wird mit einer Venenverweilkan\u00fcle die Stelle sehr schnell durchstochen. Der innere Teil der Kan\u00fcle \u201edie eigentliche Nadel\u201c wird herausgezogen, der Kunststoffschlauch bleibt drin. In diesen Schlauch wird das Schmuckst\u00fcck gesteckt und der Schlauch wird herausgezogen wobei das Schmuckst\u00fcck nachgef\u00fchrt wird. Jetzt wird das Ganze noch einmal gereinigt und desinfiziert. Ein Pflegeset ist bei uns erh\u00e4ltlich, was alles beinhaltet was man f\u00fcr die erste Zeit braucht.[\/et_pb_text][\/et_pb_column][\/et_pb_row][\/et_pb_section][et_pb_section fb_built=&#8220;1&#8243; _builder_version=&#8220;4.6.1&#8243; _module_preset=&#8220;default&#8220;][et_pb_row _builder_version=&#8220;4.6.1&#8243; _module_preset=&#8220;default&#8220;][et_pb_column type=&#8220;4_4&#8243; _builder_version=&#8220;4.6.1&#8243; _module_preset=&#8220;default&#8220;][et_pb_code module_id=&#8220;platz&#8220; _builder_version=&#8220;4.6.1&#8243; _module_preset=&#8220;default&#8220; custom_margin=&#8220;34px|||||&#8220;]<iframe loading=\"lazy\" src=\"https:\/\/kko.kisscalservice.de\/?dbstudio=ks_colorclinic&#038;rubrik=4f5e22b0-8b08-11ea-bf08-8957104e9172&#038;terminart=7513c2d0-8b08-11ea-bf08-8957104e9172\" style=\"border:0px #ffffff none;\" name=\"myiFrame\" scrolling=\"yes\" frameborder=\"0\" marginheight=\"0px\" marginwidth=\"0px\" height=\"400px\" width=\"100%\" allowfullscreen><\/iframe>[\/et_pb_code][\/et_pb_column][\/et_pb_row][\/et_pb_section]<\/p>\n","protected":false},"excerpt":{"rendered":"<p>Color Clinic PiercingDer Schmuck Du bekommst deinen ersten Piercingschmuck inklusive Pflegeset von uns. Wir verwenden in Deutschland hergestellte Produkte aus PTFE oder Titan. Diese Materialien gelten als besonders hygienisch, best\u00e4ndig und leicht zu handhaben. An manchen K\u00f6rperstellen eignen sich St\u00e4bchen besser als Ringe oder umgekehrt, und manchmal ist \u2013 vor allem f\u00fcr den Ersteinsatz \u2013 [&hellip;]<\/p>\n","protected":false},"author":2,"featured_media":0,"parent":0,"menu_order":0,"comment_status":"closed","ping_status":"closed","template":"","meta":{"_et_pb_use_builder":"on","_et_pb_old_content":"","_et_gb_content_width":"","iawp_total_views":1565,"footnotes":""},"class_list":["post-4901","page","type-page","status-publish","hentry"],"_links":{"self":[{"href":"https:\/\/color-clinic.com\/en\/wp-json\/wp\/v2\/pages\/4901","targetHints":{"allow":["GET"]}}],"collection":[{"href":"https:\/\/color-clinic.com\/en\/wp-json\/wp\/v2\/pages"}],"about":[{"href":"https:\/\/color-clinic.com\/en\/wp-json\/wp\/v2\/types\/page"}],"author":[{"embeddable":true,"href":"https:\/\/color-clinic.com\/en\/wp-json\/wp\/v2\/users\/2"}],"replies":[{"embeddable":true,"href":"https:\/\/color-clinic.com\/en\/wp-json\/wp\/v2\/comments?post=4901"}],"version-history":[{"count":0,"href":"https:\/\/color-clinic.com\/en\/wp-json\/wp\/v2\/pages\/4901\/revisions"}],"wp:attachment":[{"href":"https:\/\/color-clinic.com\/en\/wp-json\/wp\/v2\/media?parent=4901"}],"curies":[{"name":"wp","href":"https:\/\/api.w.org\/{rel}","templated":true}]}}