{"id":6756,"date":"2020-05-05T08:42:45","date_gmt":"2020-05-05T08:42:45","guid":{"rendered":"https:\/\/color-clinic.com\/?page_id=6756"},"modified":"2021-10-19T09:09:00","modified_gmt":"2021-10-19T09:09:00","slug":"twitch","status":"publish","type":"page","link":"https:\/\/color-clinic.com\/en\/twitch\/","title":{"rendered":"twitch"},"content":{"rendered":"<p>[et_pb_section fb_built=&#8220;1&#8243; _builder_version=&#8220;4.4.5&#8243; background_color=&#8220;#000000&#8243; background_image=&#8220;https:\/\/color-clinic.com\/wp-content\/uploads\/2018\/12\/background_ruby_final.jpg&#8220; parallax=&#8220;on&#8220; parallax_method=&#8220;off&#8220; global_colors_info=&#8220;{}&#8220;][et_pb_row _builder_version=&#8220;3.25&#8243; background_color=&#8220;#111111&#8243; width=&#8220;100%&#8220; max_width=&#8220;100%&#8220; use_custom_width=&#8220;on&#8220; width_unit=&#8220;off&#8220; custom_width_percent=&#8220;100%&#8220; global_colors_info=&#8220;{}&#8220;][et_pb_column type=&#8220;4_4&#8243; _builder_version=&#8220;3.25&#8243; custom_padding=&#8220;|||&#8220; global_colors_info=&#8220;{}&#8220; custom_padding__hover=&#8220;|||&#8220;][et_pb_divider show_divider=&#8220;off&#8220; _builder_version=&#8220;3.17.1&#8243; height=&#8220;30px&#8220; custom_margin=&#8220;30px|||&#8220; custom_margin_tablet=&#8220;20px|||&#8220; custom_margin_phone=&#8220;0px|||&#8220; custom_margin_last_edited=&#8220;on|phone&#8220; global_colors_info=&#8220;{}&#8220;]<br \/>\n[\/et_pb_divider][\/et_pb_column][\/et_pb_row][et_pb_row _builder_version=&#8220;3.25&#8243; background_color=&#8220;#111111&#8243; width=&#8220;100%&#8220; max_width=&#8220;100%&#8220; custom_margin_tablet=&#8220;&#8220; custom_margin_phone=&#8220;&#8220; custom_margin_last_edited=&#8220;on|desktop&#8220; use_custom_width=&#8220;on&#8220; width_unit=&#8220;off&#8220; custom_width_percent=&#8220;100%&#8220; global_colors_info=&#8220;{}&#8220;][et_pb_column type=&#8220;4_4&#8243; _builder_version=&#8220;3.25&#8243; custom_padding=&#8220;|||&#8220; global_colors_info=&#8220;{}&#8220; custom_padding__hover=&#8220;|||&#8220;][et_pb_text admin_label=&#8220;PAGE TITLE&#8220; _builder_version=&#8220;4.11.3&#8243; text_font=&#8220;Railways to Hells||||||||&#8220; text_text_color=&#8220;#ffffff&#8220; text_font_size=&#8220;22px&#8220; header_font=&#8220;Railways to Hells||||||||&#8220; header_text_align=&#8220;center&#8220; header_text_color=&#8220;#e7b94e&#8220; header_font_size=&#8220;1.7vw&#8220; text_orientation=&#8220;center&#8220; background_layout=&#8220;dark&#8220; custom_margin_tablet=&#8220;&#8220; custom_margin_phone=&#8220;|10px||10px&#8220; custom_margin_last_edited=&#8220;on|phone&#8220; hover_enabled=&#8220;0&#8243; text_font_size_tablet=&#8220;&#8220; text_font_size_phone=&#8220;14px&#8220; text_font_size_last_edited=&#8220;on|phone&#8220; header_font_size_tablet=&#8220;&#8220; header_font_size_phone=&#8220;15px&#8220; header_font_size_last_edited=&#8220;on|phone&#8220; header_3_font_size_tablet=&#8220;&#8220; header_3_font_size_phone=&#8220;18px&#8220; header_3_font_size_last_edited=&#8220;on|phone&#8220; global_colors_info=&#8220;{}&#8220; header_3_text_color=&#8220;#7712ea&#8220; sticky_enabled=&#8220;0&#8243;]<\/p>\n<h1>Color Clinic<\/h1>\n<h3 style=\"text-align: center;\"><strong>twitch.tv\/colorclinic<\/strong><\/h3>\n<p>[\/et_pb_text][\/et_pb_column][\/et_pb_row][et_pb_row custom_padding_last_edited=&#8220;on|phone&#8220; _builder_version=&#8220;4.4.5&#8243; custom_padding=&#8220;100px||38px|||&#8220; custom_padding_tablet=&#8220;&#8220; custom_padding_phone=&#8220;0px||0px||false|false&#8220; global_colors_info=&#8220;{}&#8220;][et_pb_column type=&#8220;4_4&#8243; _builder_version=&#8220;4.4.5&#8243; global_colors_info=&#8220;{}&#8220;][et_pb_text _builder_version=&#8220;4.10.6&#8243; _module_preset=&#8220;default&#8220; text_font=&#8220;Open Sans||||||||&#8220; hover_enabled=&#8220;0&#8243; global_colors_info=&#8220;{}&#8220; sticky_enabled=&#8220;0&#8243;]<\/p>\n<h3><strong>Warum solltet ihr uns auf Twitch zuschauen?<\/strong><\/h3>\n<p>\nNa ja, neben der coolen Tattoo-Kunst, die wir im<span style=\"color: #999999;\"> <strong><a class=\"twitch-link-b\" style=\"color: #999999;\" href=\"https:\/\/color-clinic.com\">Studio<\/a><\/strong> <\/span>machen, k\u00f6nnen wir noch so einiges auf den Tisch bringen.<\/p>\n<p>Wenn ihr uns auf <span style=\"color: #999999;\"><strong><a class=\"twitch-link-b\" style=\"color: #999999;\" href=\"https:\/\/www.twitch.tv\/colorclinic\" target=\"_blank\" rel=\"noopener\">Twitch<\/a><\/strong><\/span> folgt, k\u00f6nnt ihr uns Live beim Kochen, Gaming oder auch beim <span style=\"color: #999999;\"><strong><a class=\"twitch-link-b\" style=\"color: #999999;\" href=\"https:\/\/www.facebook.com\/colorclinictattoo\/\" target=\"_blank\" rel=\"noopener\">T\u00e4towieren im Studio<\/a><\/strong><\/span> zusehen. Hier und da reden wir \u00fcber diverse Themen, die uns in den Kopf kommen:\u00a0<strong><span style=\"color: #999999;\">ALLTAG, <\/span><span style=\"color: #999999;\">KULTUR, GOTT UND DIE WELT, ALIENS<\/span>\u00a0<\/strong>\u2013 was auch immer interessant ist und \u00fcber was auch immer ihr mit uns quatschen wollt.<\/p>\n<p><strong>Lass uns Twitch-Freunde werden!<\/strong><\/p>\n<p>&nbsp;<\/p>\n<p>&nbsp;<\/p>\n<h2><strong><a class=\"twitch-link\" href=\"https:\/\/www.twitch.tv\/colorclinic\" target=\"_blank\" rel=\"noopener\"> Abonniere\u00a0unseren\u00a0Kanal<\/a><\/strong><\/h2>\n<p>[\/et_pb_text][\/et_pb_column][\/et_pb_row][et_pb_row column_structure=&#8220;2_5,3_5&#8243; _builder_version=&#8220;4.4.5&#8243; global_colors_info=&#8220;{}&#8220;][et_pb_column type=&#8220;2_5&#8243; _builder_version=&#8220;4.4.5&#8243; global_colors_info=&#8220;{}&#8220;][et_pb_image src=&#8220;https:\/\/color-clinic.com\/wp-content\/uploads\/2020\/05\/twitch-emotes.gif&#8220; title_text=&#8220;twitch-emotes&#8220; url=&#8220;https:\/\/color-clinic.com\/twitch-emotes\/&#8220; _builder_version=&#8220;4.4.5&#8243; width=&#8220;80%&#8220; width_tablet=&#8220;&#8220; width_phone=&#8220;&#8220; width_last_edited=&#8220;on|desktop&#8220; global_colors_info=&#8220;{}&#8220; transform_styles__hover_enabled=&#8220;on|hover&#8220; transform_scale__hover_enabled=&#8220;on|hover&#8220; transform_translate__hover_enabled=&#8220;on|desktop&#8220; transform_rotate__hover_enabled=&#8220;on|desktop&#8220; transform_skew__hover_enabled=&#8220;on|desktop&#8220; transform_origin__hover_enabled=&#8220;on|desktop&#8220; transform_scale__hover=&#8220;102%|102%&#8220;][\/et_pb_image][\/et_pb_column][et_pb_column type=&#8220;3_5&#8243; _builder_version=&#8220;4.4.5&#8243; global_colors_info=&#8220;{}&#8220;][et_pb_image src=&#8220;https:\/\/color-clinic.com\/wp-content\/uploads\/2020\/05\/Screenshot-2020-05-05-at-11.10.04.png&#8220; title_text=&#8220;Screenshot 2020-05-05 at 11.10.04&#8243; url=&#8220;https:\/\/www.twitch.tv\/colorclinic&#8220; _builder_version=&#8220;4.4.5&#8243; filter_saturate=&#8220;0%&#8220; filter_saturate_tablet=&#8220;&#8220; filter_saturate_phone=&#8220;&#8220; filter_saturate_last_edited=&#8220;on|desktop&#8220; border_width_all=&#8220;4px&#8220; border_color_all=&#8220;#9146ff&#8220; box_shadow_style=&#8220;preset2&#8243; box_shadow_horizontal=&#8220;9px&#8220; box_shadow_vertical=&#8220;11px&#8220; box_shadow_blur=&#8220;25px&#8220; box_shadow_spread=&#8220;10px&#8220; box_shadow_color=&#8220;rgba(0,0,0,0.57)&#8220; global_colors_info=&#8220;{}&#8220; filter_saturate__hover_enabled=&#8220;on|hover&#8220; filter_saturate__hover=&#8220;100%&#8220; transform_styles__hover_enabled=&#8220;on|hover&#8220; transform_scale__hover_enabled=&#8220;on|hover&#8220; transform_translate__hover_enabled=&#8220;on|hover&#8220; transform_rotate__hover_enabled=&#8220;on|hover&#8220; transform_skew__hover_enabled=&#8220;on|hover&#8220; transform_origin__hover_enabled=&#8220;on|hover&#8220; transform_scale__hover=&#8220;102%|102%&#8220;][\/et_pb_image][\/et_pb_column][\/et_pb_row][\/et_pb_section]<\/p>\n","protected":false},"excerpt":{"rendered":"<p>Color Clinic twitch.tv\/colorclinicWarum solltet ihr uns auf Twitch zuschauen? Na ja, neben der coolen Tattoo-Kunst, die wir im Studio machen, k\u00f6nnen wir noch so einiges auf den Tisch bringen. Wenn ihr uns auf Twitch folgt, k\u00f6nnt ihr uns Live beim Kochen, Gaming oder auch beim T\u00e4towieren im Studio zusehen. Hier und da reden wir \u00fcber [&hellip;]<\/p>\n","protected":false},"author":6,"featured_media":0,"parent":0,"menu_order":0,"comment_status":"closed","ping_status":"closed","template":"","meta":{"_et_pb_use_builder":"on","_et_pb_old_content":"","_et_gb_content_width":"","iawp_total_views":8,"footnotes":""},"class_list":["post-6756","page","type-page","status-publish","hentry"],"_links":{"self":[{"href":"https:\/\/color-clinic.com\/en\/wp-json\/wp\/v2\/pages\/6756","targetHints":{"allow":["GET"]}}],"collection":[{"href":"https:\/\/color-clinic.com\/en\/wp-json\/wp\/v2\/pages"}],"about":[{"href":"https:\/\/color-clinic.com\/en\/wp-json\/wp\/v2\/types\/page"}],"author":[{"embeddable":true,"href":"https:\/\/color-clinic.com\/en\/wp-json\/wp\/v2\/users\/6"}],"replies":[{"embeddable":true,"href":"https:\/\/color-clinic.com\/en\/wp-json\/wp\/v2\/comments?post=6756"}],"version-history":[{"count":0,"href":"https:\/\/color-clinic.com\/en\/wp-json\/wp\/v2\/pages\/6756\/revisions"}],"wp:attachment":[{"href":"https:\/\/color-clinic.com\/en\/wp-json\/wp\/v2\/media?parent=6756"}],"curies":[{"name":"wp","href":"https:\/\/api.w.org\/{rel}","templated":true}]}}