{"id":7836,"date":"2020-07-24T12:33:08","date_gmt":"2020-07-24T12:33:08","guid":{"rendered":"https:\/\/color-clinic.com\/?page_id=7836"},"modified":"2023-08-26T08:22:01","modified_gmt":"2023-08-26T08:22:01","slug":"mia","status":"publish","type":"page","link":"https:\/\/color-clinic.com\/en\/mia\/","title":{"rendered":"Mia"},"content":{"rendered":"<p>[et_pb_section fb_built=&#8220;1&#8243; fullwidth=&#8220;on&#8220; disabled_on=&#8220;on||&#8220; _builder_version=&#8220;4.16&#8243; global_colors_info=&#8220;{}&#8220;][et_pb_fullwidth_header title=&#8220;Color Clinic&#8220; subhead=&#8220;Piercing K\u00fcnstler &#8220; text_orientation=&#8220;center&#8220; _builder_version=&#8220;4.16&#8243; title_text_color=&#8220;#e7b94e&#8220; title_font_size=&#8220;1.7vw&#8220; subhead_font_size=&#8220;25px&#8220; background_color=&#8220;#111111&#8243; background_size=&#8220;initial&#8220; background_position=&#8220;top_left&#8220; background_repeat=&#8220;repeat&#8220; global_colors_info=&#8220;{}&#8220;][\/et_pb_fullwidth_header][\/et_pb_section][et_pb_section fb_built=&#8220;1&#8243; _builder_version=&#8220;4.16&#8243; background_color=&#8220;#000000&#8243; background_image=&#8220;\/\/color-clinic.com\/wp-content\/uploads\/2018\/12\/background_team_small_3.jpg&#8220; custom_margin_tablet=&#8220;&#8220; custom_margin_phone=&#8220;45px|||&#8220; custom_margin_last_edited=&#8220;on|desktop&#8220; global_colors_info=&#8220;{}&#8220;][et_pb_row disabled_on=&#8220;off||&#8220; _builder_version=&#8220;4.16&#8243; global_colors_info=&#8220;{}&#8220;][et_pb_column type=&#8220;4_4&#8243; _builder_version=&#8220;4.16&#8243; custom_padding=&#8220;|||&#8220; global_colors_info=&#8220;{}&#8220; custom_padding__hover=&#8220;|||&#8220;][et_pb_text _builder_version=&#8220;4.16&#8243; text_font=&#8220;Open Sans||||||||&#8220; global_colors_info=&#8220;{}&#8220;]<\/p>\n<h2>Mia<\/h2>\n<p><a href=\"https:\/\/adam-eve.color-clinic.com\" target=\"_blank\" rel=\"noopener\"><strong>Adam&amp;Eve<\/strong><\/a>\u00a0&#8211; Microblading &amp; Piercing<\/p>\n<p>[\/et_pb_text][et_pb_social_media_follow _builder_version=&#8220;4.16&#8243; global_colors_info=&#8220;{}&#8220;][et_pb_social_media_follow_network social_network=&#8220;facebook&#8220; _builder_version=&#8220;4.16&#8243; background_color=&#8220;#333333&#8243; global_colors_info=&#8220;{}&#8220; follow_button=&#8220;off&#8220; url_new_window=&#8220;on&#8220;]Facebook[\/et_pb_social_media_follow_network][\/et_pb_social_media_follow][\/et_pb_column][\/et_pb_row][et_pb_row column_structure=&#8220;1_3,2_3&#8243; _builder_version=&#8220;4.16&#8243; custom_margin=&#8220;-30px|||&#8220; custom_margin_tablet=&#8220;&#8220; custom_margin_phone=&#8220;&#8220; custom_margin_last_edited=&#8220;on|desktop&#8220; global_colors_info=&#8220;{}&#8220;][et_pb_column type=&#8220;1_3&#8243; _builder_version=&#8220;4.16&#8243; custom_padding=&#8220;|||&#8220; global_colors_info=&#8220;{}&#8220; custom_padding__hover=&#8220;|||&#8220;][et_pb_image src=&#8220;https:\/\/color-clinic.com\/wp-content\/uploads\/2019\/07\/01_MIA_FINAL.png&#8220; title_text=&#8220;01_MIA_FINAL&#8220; url=&#8220;https:\/\/adam-eve.color-clinic.com&#8220; url_new_window=&#8220;on&#8220; _builder_version=&#8220;4.16&#8243; custom_padding=&#8220;0px|||||&#8220; global_colors_info=&#8220;{}&#8220;][\/et_pb_image][et_pb_button button_url=&#8220;https:\/\/kko.kisscalservice.de\/?dbstudio=ks_colorclinic&#8220; url_new_window=&#8220;on&#8220; button_text=&#8220;Termin vereinbaren&#8220; button_alignment=&#8220;center&#8220; module_class=&#8220;dom-red-button artist-page&#8220; _builder_version=&#8220;4.18.0&#8243; global_colors_info=&#8220;{}&#8220;][\/et_pb_button][et_pb_image src=&#8220;https:\/\/color-clinic.com\/wp-content\/uploads\/2020\/12\/neon-sign.gif&#8220; title_text=&#8220;neon-sign&#8220; url=&#8220;https:\/\/adam-eve.color-clinic.com&#8220; url_new_window=&#8220;on&#8220; show_bottom_space=&#8220;off&#8220; _builder_version=&#8220;4.16&#8243; _module_preset=&#8220;default&#8220; custom_margin=&#8220;0px|0px|0px|0px|false|false&#8220; custom_padding=&#8220;0px|0px|0px|0px|false|false&#8220; filter_contrast=&#8220;71%&#8220; filter_opacity=&#8220;29%&#8220; global_colors_info=&#8220;{}&#8220;][\/et_pb_image][\/et_pb_column][et_pb_column type=&#8220;2_3&#8243; _builder_version=&#8220;4.16&#8243; custom_padding=&#8220;|||&#8220; global_colors_info=&#8220;{}&#8220; custom_padding__hover=&#8220;|||&#8220;][et_pb_text _builder_version=&#8220;4.16&#8243; text_font=&#8220;Open Sans||||||||&#8220; custom_margin=&#8220;17px|||||&#8220; global_colors_info=&#8220;{}&#8220;]<\/p>\n<p><span>Heyho Leute,<\/span><\/p>\n<p><span>Mein Name ist Mia und ich bin 23 Jahre alt und komme aus der wundersch\u00f6nen Stadt Leipzig.<\/span><br \/> <span>Zu meiner verr\u00fcckten Lebensweise, muss nat\u00fcrlich auch ein besonderer Beruf geh\u00f6ren .<\/span><br \/> <span>Piercerin in der Color Clinic zu sein, ist wahrscheinlich eine der sch\u00f6nsten Sachen, die in meinem Leben passiert ist.<\/span><\/p>\n<p><span>Fr\u00fcher war ich Friseurin. Dieser Beruf hat mich nicht ausgef\u00fcllt und ich konnte meiner kreativen Ader nicht nachgeben wie ich es wollte. Daher habe ich diesen Beruf recht schnell hingeschmissen und mich neu orientiert. Nach einer kurzen Pause habe ich ein Studio gefunden wo ich das Piercen lernen durfte.<\/span><\/p>\n<p><span>Nachdem ich mich dort aber pers\u00f6nlich nicht so entfalten durfte, wie ich bin, habe ich mich nach neuen M\u00f6glichkeiten umgesehen und habe die Clinic gefunden. Seit Mai 2020 bin ich nun teil der Color Clinic Familie und m\u00f6chte dies auch nicht mehr missen.<\/span><\/p>\n<p><span>Hier bin ich nun in meinem zweiten Zuhause angekommen. F\u00fcr jegliche Piercings bin ich f\u00fcr euch in der Clinic zu erreichen.<\/span><\/p>\n<p>[\/et_pb_text][et_pb_text _builder_version=&#8220;4.16&#8243; text_text_color=&#8220;#e7b94e&#8220; text_font_size=&#8220;20px&#8220; text_line_height=&#8220;1.8em&#8220; text_orientation=&#8220;center&#8220; text_line_height_tablet=&#8220;&#8220; text_line_height_phone=&#8220;1.7em&#8220; text_line_height_last_edited=&#8220;on|phone&#8220; global_colors_info=&#8220;{}&#8220;]<\/p>\n<p><span><strong>Vom Mond aus sieht alles nicht mehr so schlimm aus.<\/strong>\u00a0<\/span><img loading=\"lazy\" decoding=\"async\" src=\"https:\/\/domcollection.bitrix24.de\/bitrix\/images\/main\/smiles\/3\/bx_smile_wink.png\" id=\"popup_1592968218\" border=\"0\" width=\"20\" height=\"20\" data-bx-viewer=\"image\" data-bx-src=\"https:\/\/domcollection.bitrix24.de\/bitrix\/images\/main\/smiles\/3\/bx_smile_wink.png\" data-src=\"https:\/\/domcollection.bitrix24.de\/bitrix\/images\/main\/smiles\/3\/bx_smile_wink.png\" data-viewer-type=\"image\" \/><\/p>\n<p>[\/et_pb_text][\/et_pb_column][\/et_pb_row][\/et_pb_section][et_pb_section fb_built=&#8220;1&#8243; custom_padding_last_edited=&#8220;on|desktop&#8220; disabled_on=&#8220;off|on|on&#8220; admin_label=&#8220;Mobile Section&#8220; module_id=&#8220;arbeiten&#8220; _builder_version=&#8220;4.22.1&#8243; background_color=&#8220;#c5484b&#8220; width=&#8220;100%&#8220; max_width=&#8220;100%&#8220; module_alignment=&#8220;center&#8220; custom_margin=&#8220;0px|0px|0px|0px|false|false&#8220; custom_padding=&#8220;0px|0px|0px|0px|false|false&#8220; custom_padding_tablet=&#8220;|0px||0px&#8220; custom_padding_phone=&#8220;&#8220; global_colors_info=&#8220;{}&#8220;][et_pb_row use_custom_gutter=&#8220;on&#8220; gutter_width=&#8220;1&#8243; _builder_version=&#8220;4.16&#8243; _module_preset=&#8220;default&#8220; width=&#8220;100%&#8220; max_width=&#8220;100%&#8220; custom_margin=&#8220;0px|0px|0px|0px|false|false&#8220; custom_padding=&#8220;0px|0px|0px|0px|false|false&#8220; global_colors_info=&#8220;{}&#8220;][et_pb_column type=&#8220;4_4&#8243; _builder_version=&#8220;4.16&#8243; _module_preset=&#8220;default&#8220; global_colors_info=&#8220;{}&#8220;][et_pb_gallery gallery_ids=&#8220;28203,28204,28205,28207,28208,28209,28210,28211,28212,28213,28214,28215,28216,28217,28218&#8243; gallery_orderby=&#8220;rand&#8220; fullwidth=&#8220;on&#8220; _builder_version=&#8220;4.22.1&#8243; _module_preset=&#8220;default&#8220; width=&#8220;100%&#8220; max_width=&#8220;100%&#8220; custom_margin=&#8220;0px|0px|0px|0px|false|false&#8220; custom_padding=&#8220;0px|0px|0px|0px|false|false&#8220; hover_enabled=&#8220;0&#8243; global_colors_info=&#8220;{}&#8220; sticky_enabled=&#8220;0&#8243;][\/et_pb_gallery][\/et_pb_column][\/et_pb_row][\/et_pb_section][et_pb_section fb_built=&#8220;1&#8243; custom_padding_last_edited=&#8220;on|desktop&#8220; disabled_on=&#8220;on|off|off&#8220; module_id=&#8220;arbeiten&#8220; _builder_version=&#8220;4.16&#8243; background_color=&#8220;#e7b94e&#8220; width=&#8220;100%&#8220; max_width=&#8220;100%&#8220; module_alignment=&#8220;center&#8220; custom_margin=&#8220;0px|0px|0px|0px|false|false&#8220; custom_padding=&#8220;0px|0px|0px|0px|false|false&#8220; custom_padding_tablet=&#8220;|0px||0px&#8220; custom_padding_phone=&#8220;&#8220; global_colors_info=&#8220;{}&#8220;][et_pb_row use_custom_gutter=&#8220;on&#8220; gutter_width=&#8220;1&#8243; _builder_version=&#8220;4.16&#8243; _module_preset=&#8220;default&#8220; width=&#8220;99.3%&#8220; max_width=&#8220;100%&#8220; module_alignment=&#8220;left&#8220; custom_margin=&#8220;0px|0px|0px|0px|false|false&#8220; custom_padding=&#8220;0px|0px|0px|0px|false|false&#8220; global_colors_info=&#8220;{}&#8220;][et_pb_column type=&#8220;4_4&#8243; _builder_version=&#8220;4.16&#8243; _module_preset=&#8220;default&#8220; global_colors_info=&#8220;{}&#8220;][et_pb_gallery gallery_orderby=&#8220;rand&#8220; posts_number=&#8220;24&#8243; orientation=&#8220;portrait&#8220; show_title_and_caption=&#8220;off&#8220; zoom_icon_color=&#8220;#ffffff&#8220; hover_overlay_color=&#8220;rgba(0,0,0,0.5)&#8220; hover_icon=&#8220;&#x4c;||divi||400&#8243; module_class=&#8220;col-width&#8220; _builder_version=&#8220;4.22.1&#8243; _module_preset=&#8220;default&#8220; pagination_text_color=&#8220;#ffffff&#8220; width=&#8220;100%&#8220; max_width=&#8220;100%&#8220; module_alignment=&#8220;center&#8220; custom_margin=&#8220;0px|0px|0px|0px|false|false&#8220; custom_padding=&#8220;0px|0px|0px|0px|false|false&#8220; filter_saturate=&#8220;0%&#8220; hover_enabled=&#8220;0&#8243; global_colors_info=&#8220;{}&#8220; filter_saturate__hover_enabled=&#8220;on|hover&#8220; filter_saturate__hover=&#8220;101%&#8220; gallery_ids=&#8220;28218,28217,28216,28215,28214,28213,28212,28211,28210,28209,28208,28207,28205,28204,28203&#8243; sticky_enabled=&#8220;0&#8243;][\/et_pb_gallery][\/et_pb_column][\/et_pb_row][\/et_pb_section]<\/p>\n","protected":false},"excerpt":{"rendered":"<p>Mia Adam&amp;Eve\u00a0&#8211; Microblading &amp; PiercingHeyho Leute, Mein Name ist Mia und ich bin 23 Jahre alt und komme aus der wundersch\u00f6nen Stadt Leipzig. Zu meiner verr\u00fcckten Lebensweise, muss nat\u00fcrlich auch ein besonderer Beruf geh\u00f6ren . Piercerin in der Color Clinic zu sein, ist wahrscheinlich eine der sch\u00f6nsten Sachen, die in meinem Leben passiert ist. Fr\u00fcher [&hellip;]<\/p>\n","protected":false},"author":6,"featured_media":0,"parent":0,"menu_order":0,"comment_status":"closed","ping_status":"closed","template":"","meta":{"_et_pb_use_builder":"on","_et_pb_old_content":"","_et_gb_content_width":"","iawp_total_views":148,"footnotes":""},"class_list":["post-7836","page","type-page","status-publish","hentry"],"_links":{"self":[{"href":"https:\/\/color-clinic.com\/en\/wp-json\/wp\/v2\/pages\/7836","targetHints":{"allow":["GET"]}}],"collection":[{"href":"https:\/\/color-clinic.com\/en\/wp-json\/wp\/v2\/pages"}],"about":[{"href":"https:\/\/color-clinic.com\/en\/wp-json\/wp\/v2\/types\/page"}],"author":[{"embeddable":true,"href":"https:\/\/color-clinic.com\/en\/wp-json\/wp\/v2\/users\/6"}],"replies":[{"embeddable":true,"href":"https:\/\/color-clinic.com\/en\/wp-json\/wp\/v2\/comments?post=7836"}],"version-history":[{"count":3,"href":"https:\/\/color-clinic.com\/en\/wp-json\/wp\/v2\/pages\/7836\/revisions"}],"predecessor-version":[{"id":28220,"href":"https:\/\/color-clinic.com\/en\/wp-json\/wp\/v2\/pages\/7836\/revisions\/28220"}],"wp:attachment":[{"href":"https:\/\/color-clinic.com\/en\/wp-json\/wp\/v2\/media?parent=7836"}],"curies":[{"name":"wp","href":"https:\/\/api.w.org\/{rel}","templated":true}]}}